{"id":227470,"date":"2021-11-19T09:47:58","date_gmt":"2021-11-19T08:47:58","guid":{"rendered":"https:\/\/megacase.com\/product\/flightcase-orange-rockerverb-50c-mk-iii-212\/"},"modified":"2026-03-26T13:16:31","modified_gmt":"2026-03-26T12:16:31","slug":"flightcase-orange-rockerverb-50c-mk-iii-212","status":"publish","type":"product","link":"https:\/\/megacase.com\/fr\/produit\/flightcase-orange-rockerverb-50c-mk-iii-212\/","title":{"rendered":"Flightcase Orange Rockerverb 50C MK III 212"},"content":{"rendered":"<p>Flight-case assorti pour un Orance Rockerverb 50C MK III 212 Combo<br \/>\nen bouleau multiplex de 6,8 mm rev\u00eatu de PVC<br \/>\nCouleur : <a href=\"https:\/\/megacase.com\/fr\/farben-beschichtungen\/\">librement s\u00e9lectionnable<\/a><br \/>\nBord en aluminium 30 x 30 mm<br \/>\n2 grandes serrures papillon<br \/>\n2 serrures papillon moyennes<br \/>\n2 poign\u00e9es rabattables m\u00e9dium<br \/>\n2 charni\u00e8res verrouillables<br \/>\n8 coins sph\u00e9riques moyens<br \/>\n4 roulettes pivotantes dont 2 frein\u00e9es<br \/>\nRembourrage en mousse<br \/>\nCompartiment \u00e0 accessoires de 10 cm de haut rembourr\u00e9 sur le dessus<br \/>\nFabriqu\u00e9 en Allemagne<br \/>\nDimensions ext\u00e9rieures LxPxH environ : 735 x 375 x 924 mm<br \/>\nPoids approx.: 26,6 kg<\/p>\n<h4>Si vous commandez, veuillez sp\u00e9cifier la couleur d\u00e9sir\u00e9e dans le champ de commentaire<\/h4>\n","protected":false},"excerpt":{"rendered":"<p>Flight-case assorti pour un Orance Rockerverb 50C MK III 212 Combo en bouleau multiplex de 6,8 mm rev\u00eatu de PVC<\/p>\n","protected":false},"featured_media":227463,"template":"","meta":{"_acf_changed":false},"product_brand":[],"product_cat":[13589],"product_tag":[],"class_list":{"0":"post-227470","1":"product","2":"type-product","3":"status-publish","4":"has-post-thumbnail","6":"product_cat-amp-cases-fr","8":"first","9":"instock","10":"taxable","11":"shipping-taxable","12":"purchasable","13":"product-type-simple"},"acf":[],"_links":{"self":[{"href":"https:\/\/megacase.com\/fr\/wp-json\/wp\/v2\/product\/227470","targetHints":{"allow":["GET"]}}],"collection":[{"href":"https:\/\/megacase.com\/fr\/wp-json\/wp\/v2\/product"}],"about":[{"href":"https:\/\/megacase.com\/fr\/wp-json\/wp\/v2\/types\/product"}],"wp:featuredmedia":[{"embeddable":true,"href":"https:\/\/megacase.com\/fr\/wp-json\/wp\/v2\/media\/227463"}],"wp:attachment":[{"href":"https:\/\/megacase.com\/fr\/wp-json\/wp\/v2\/media?parent=227470"}],"wp:term":[{"taxonomy":"product_brand","embeddable":true,"href":"https:\/\/megacase.com\/fr\/wp-json\/wp\/v2\/product_brand?post=227470"},{"taxonomy":"product_cat","embeddable":true,"href":"https:\/\/megacase.com\/fr\/wp-json\/wp\/v2\/product_cat?post=227470"},{"taxonomy":"product_tag","embeddable":true,"href":"https:\/\/megacase.com\/fr\/wp-json\/wp\/v2\/product_tag?post=227470"}],"curies":[{"name":"wp","href":"https:\/\/api.w.org\/{rel}","templated":true}]}}