{"id":227269,"date":"2021-11-19T09:03:45","date_gmt":"2021-11-19T08:03:45","guid":{"rendered":"https:\/\/megacase.com\/product\/flightcase-nec-pa622u\/"},"modified":"2026-03-26T13:16:32","modified_gmt":"2026-03-26T12:16:32","slug":"flightcase-nec-pa622u","status":"publish","type":"product","link":"https:\/\/megacase.com\/fr\/produit\/flightcase-nec-pa622u\/","title":{"rendered":"Flightcase NEC PA622U"},"content":{"rendered":"<p>Bo\u00eetier assorti pour projecteur NEC PA622U<br \/>\nen bouleau multiplex de 6,8 mm rev\u00eatu de PVC<br \/>\nCouleur : <a href=\"https:\/\/megacase.com\/fr\/farben-beschichtungen\/\">librement s\u00e9lectionnable<\/a><br \/>\nBord en aluminium 30 x 30 mm<br \/>\n2 serrures papillon, moyennes<br \/>\n1 poign\u00e9e rabattable, moyenne<br \/>\n8 coins sph\u00e9riques moyens<br \/>\n2 charni\u00e8res verrouillables<br \/>\nRembourrage en mousse<br \/>\ncompartiment \u00e0 accessoires rembourr\u00e9 de 150 mm de profondeur \u00e0 l&rsquo;avant<br \/>\nFabriqu\u00e9 en Allemagne<br \/>\nDimensions ext\u00e9rieures LxPxH : environ 605 x 740 x 245 mm<br \/>\nPoids : environ 12,3 kg<\/p>\n<h4>Lors de votre commande, merci de pr\u00e9ciser la couleur que vous souhaitez dans le champ commentaire<\/h4>\n","protected":false},"excerpt":{"rendered":"<p>Bo\u00eetier assorti pour projecteur NEC PA622U en bouleau multiplex de 6,8 mm rev\u00eatu de PVC Couleur : librement s\u00e9lectionnable Bord<\/p>\n","protected":false},"featured_media":227250,"template":"","meta":{"_acf_changed":false},"product_brand":[],"product_cat":[15967],"product_tag":[],"class_list":{"0":"post-227269","1":"product","2":"type-product","3":"status-publish","4":"has-post-thumbnail","6":"product_cat-beamercase-utilisation","8":"first","9":"instock","10":"taxable","11":"shipping-taxable","12":"purchasable","13":"product-type-simple"},"acf":[],"_links":{"self":[{"href":"https:\/\/megacase.com\/fr\/wp-json\/wp\/v2\/product\/227269","targetHints":{"allow":["GET"]}}],"collection":[{"href":"https:\/\/megacase.com\/fr\/wp-json\/wp\/v2\/product"}],"about":[{"href":"https:\/\/megacase.com\/fr\/wp-json\/wp\/v2\/types\/product"}],"wp:featuredmedia":[{"embeddable":true,"href":"https:\/\/megacase.com\/fr\/wp-json\/wp\/v2\/media\/227250"}],"wp:attachment":[{"href":"https:\/\/megacase.com\/fr\/wp-json\/wp\/v2\/media?parent=227269"}],"wp:term":[{"taxonomy":"product_brand","embeddable":true,"href":"https:\/\/megacase.com\/fr\/wp-json\/wp\/v2\/product_brand?post=227269"},{"taxonomy":"product_cat","embeddable":true,"href":"https:\/\/megacase.com\/fr\/wp-json\/wp\/v2\/product_cat?post=227269"},{"taxonomy":"product_tag","embeddable":true,"href":"https:\/\/megacase.com\/fr\/wp-json\/wp\/v2\/product_tag?post=227269"}],"curies":[{"name":"wp","href":"https:\/\/api.w.org\/{rel}","templated":true}]}}