{"id":227232,"date":"2021-11-19T07:11:50","date_gmt":"2021-11-19T06:11:50","guid":{"rendered":"https:\/\/megacase.com\/product\/flip-down-case-midas-pro-1\/"},"modified":"2026-03-26T13:16:33","modified_gmt":"2026-03-26T12:16:33","slug":"flip-down-case-midas-pro-1","status":"publish","type":"product","link":"https:\/\/megacase.com\/fr\/produit\/flip-down-case-midas-pro-1\/","title":{"rendered":"Flip Down Case Midas Pro 1"},"content":{"rendered":"<p>\u00c9tui \u00e0 rabat lourd pour une table de mixage Midas Pro 1<br \/>\nFabriqu\u00e9 en bouleau multiplex de 9 mm recouvert de PVC<br \/>\nCouleur : noir RAL 9004<br \/>\nBord en aluminium 35&#215;35 mm<br \/>\n4 grandes serrures papillon<br \/>\n8 poign\u00e9es pliantes lourdes<br \/>\n2 poign\u00e9es de montage de bord<br \/>\n8 grands coins sph\u00e9riques \u00e9tag\u00e9s<br \/>\n2 compartiments accessoires dans les portes<br \/>\npasse-c\u00e2bles recouvert \u00e0 l&rsquo;arri\u00e8re<br \/>\n2 ressorts \u00e0 gaz<br \/>\n4 roulettes pivotantes 100 mm dont 2 frein\u00e9es<br \/>\nRembourrage en mousse<br \/>\nSupport lat\u00e9ral pour adaptateur de moniteur article 9144<br \/>\nFabriqu\u00e9 en Allemagne<br \/>\nDimensions ext\u00e9rieures LxPxH 925 x 600 x 1150 mm<br \/>\nPoids : 83,5 kg<\/p>\n","protected":false},"excerpt":{"rendered":"<p>\u00c9tui \u00e0 rabat lourd pour une table de mixage Midas Pro 1 Fabriqu\u00e9 en bouleau multiplex de 9 mm recouvert<\/p>\n","protected":false},"featured_media":227205,"template":"","meta":{"_acf_changed":false},"product_brand":[],"product_cat":[13828],"product_tag":[],"class_list":{"0":"post-227232","1":"product","2":"type-product","3":"status-publish","4":"has-post-thumbnail","6":"product_cat-mischpult-cases-fr","8":"first","9":"instock","10":"taxable","11":"shipping-taxable","12":"purchasable","13":"product-type-simple"},"acf":[],"_links":{"self":[{"href":"https:\/\/megacase.com\/fr\/wp-json\/wp\/v2\/product\/227232","targetHints":{"allow":["GET"]}}],"collection":[{"href":"https:\/\/megacase.com\/fr\/wp-json\/wp\/v2\/product"}],"about":[{"href":"https:\/\/megacase.com\/fr\/wp-json\/wp\/v2\/types\/product"}],"wp:featuredmedia":[{"embeddable":true,"href":"https:\/\/megacase.com\/fr\/wp-json\/wp\/v2\/media\/227205"}],"wp:attachment":[{"href":"https:\/\/megacase.com\/fr\/wp-json\/wp\/v2\/media?parent=227232"}],"wp:term":[{"taxonomy":"product_brand","embeddable":true,"href":"https:\/\/megacase.com\/fr\/wp-json\/wp\/v2\/product_brand?post=227232"},{"taxonomy":"product_cat","embeddable":true,"href":"https:\/\/megacase.com\/fr\/wp-json\/wp\/v2\/product_cat?post=227232"},{"taxonomy":"product_tag","embeddable":true,"href":"https:\/\/megacase.com\/fr\/wp-json\/wp\/v2\/product_tag?post=227232"}],"curies":[{"name":"wp","href":"https:\/\/api.w.org\/{rel}","templated":true}]}}