{"id":227140,"date":"2021-11-19T06:57:21","date_gmt":"2021-11-19T05:57:21","guid":{"rendered":"https:\/\/megacase.com\/product\/flightcase-soundcraft-notepad-12fx\/"},"modified":"2026-03-26T13:16:33","modified_gmt":"2026-03-26T12:16:33","slug":"flightcase-soundcraft-notepad-12fx","status":"publish","type":"product","link":"https:\/\/megacase.com\/fr\/produit\/flightcase-soundcraft-notepad-12fx\/","title":{"rendered":"Flightcase Soundcraft Notepad-12FX"},"content":{"rendered":"<p>Housse de capot assortie pour un Soundcraft Notepad-12FX<br \/>\nen bouleau multiplex 6,8 mm rev\u00eatu de PVC<br \/>\nBord en aluminium 22 x 22 mm<br \/>\n2 cadenas papillon, petit<br \/>\n1 poign\u00e9e en cuir<br \/>\n8 petits coins sph\u00e9riques<br \/>\n4 pieds en caoutchouc 25x15mm<br \/>\nRembourrage en mousse<br \/>\nEspace de 90 mm derri\u00e8re le m\u00e9langeur<br \/>\nfabriqu\u00e9 en Allemagne<br \/>\nDimensions ext\u00e9rieures LxPxH : environ 348 x 358 x 148<br \/>\nPoids : environ 3,6 kg<\/p>\n<p>Si vous commandez, veuillez sp\u00e9cifier la couleur d\u00e9sir\u00e9e dans le champ de commentaire<\/p>\n","protected":false},"excerpt":{"rendered":"<p>Housse de capot assortie pour un Soundcraft Notepad-12FX en bouleau multiplex 6,8 mm rev\u00eatu de PVC Bord en aluminium 22<\/p>\n","protected":false},"featured_media":227121,"template":"","meta":{"_acf_changed":false},"product_brand":[],"product_cat":[13828],"product_tag":[],"class_list":{"0":"post-227140","1":"product","2":"type-product","3":"status-publish","4":"has-post-thumbnail","6":"product_cat-mischpult-cases-fr","8":"first","9":"instock","10":"taxable","11":"shipping-taxable","12":"purchasable","13":"product-type-simple"},"acf":[],"_links":{"self":[{"href":"https:\/\/megacase.com\/fr\/wp-json\/wp\/v2\/product\/227140","targetHints":{"allow":["GET"]}}],"collection":[{"href":"https:\/\/megacase.com\/fr\/wp-json\/wp\/v2\/product"}],"about":[{"href":"https:\/\/megacase.com\/fr\/wp-json\/wp\/v2\/types\/product"}],"wp:featuredmedia":[{"embeddable":true,"href":"https:\/\/megacase.com\/fr\/wp-json\/wp\/v2\/media\/227121"}],"wp:attachment":[{"href":"https:\/\/megacase.com\/fr\/wp-json\/wp\/v2\/media?parent=227140"}],"wp:term":[{"taxonomy":"product_brand","embeddable":true,"href":"https:\/\/megacase.com\/fr\/wp-json\/wp\/v2\/product_brand?post=227140"},{"taxonomy":"product_cat","embeddable":true,"href":"https:\/\/megacase.com\/fr\/wp-json\/wp\/v2\/product_cat?post=227140"},{"taxonomy":"product_tag","embeddable":true,"href":"https:\/\/megacase.com\/fr\/wp-json\/wp\/v2\/product_tag?post=227140"}],"curies":[{"name":"wp","href":"https:\/\/api.w.org\/{rel}","templated":true}]}}