{"id":227108,"date":"2021-11-19T06:49:10","date_gmt":"2021-11-19T05:49:10","guid":{"rendered":"https:\/\/megacase.com\/product\/flightcase-optoma-eh320ust\/"},"modified":"2026-03-26T13:16:33","modified_gmt":"2026-03-26T12:16:33","slug":"flightcase-optoma-eh320ust","status":"publish","type":"product","link":"https:\/\/megacase.com\/fr\/produit\/flightcase-optoma-eh320ust\/","title":{"rendered":"Flightcase Optoma EH320UST"},"content":{"rendered":"<p>Bo\u00eetier assorti pour un projecteur Optoma EH 320 UST<br \/>\nen bouleau multiplex de 6,8 mm rev\u00eatu de PVC<br \/>\nCouleur : librement s\u00e9lectionnable<br \/>\nBord en aluminium 30 x 30 mm<br \/>\n2 serrures papillon, moyennes<br \/>\n1 poign\u00e9e en cuir<br \/>\n2 charni\u00e8res verrouillables<br \/>\n8 coins sph\u00e9riques moyens<br \/>\nRembourrage en mousse<br \/>\ncompartiment \u00e0 accessoires rembourr\u00e9 de 15 cm de large sur la droite<br \/>\nFabriqu\u00e9 en Allemagne<br \/>\nDimensions ext\u00e9rieures LxPxH : environ 675 x 395 x 220 mm<br \/>\nPoids : environ 8,3 kg<\/p>\n<p>Si vous commandez, veuillez sp\u00e9cifier la couleur d\u00e9sir\u00e9e dans le champ de commentaire<\/p>\n","protected":false},"excerpt":{"rendered":"<p>Bo\u00eetier assorti pour un projecteur Optoma EH 320 UST en bouleau multiplex de 6,8 mm rev\u00eatu de PVC Couleur :<\/p>\n","protected":false},"featured_media":227085,"template":"","meta":{"_acf_changed":false},"product_brand":[],"product_cat":[15967],"product_tag":[],"class_list":{"0":"post-227108","1":"product","2":"type-product","3":"status-publish","4":"has-post-thumbnail","6":"product_cat-beamercase-utilisation","8":"first","9":"instock","10":"taxable","11":"shipping-taxable","12":"purchasable","13":"product-type-simple"},"acf":[],"_links":{"self":[{"href":"https:\/\/megacase.com\/fr\/wp-json\/wp\/v2\/product\/227108","targetHints":{"allow":["GET"]}}],"collection":[{"href":"https:\/\/megacase.com\/fr\/wp-json\/wp\/v2\/product"}],"about":[{"href":"https:\/\/megacase.com\/fr\/wp-json\/wp\/v2\/types\/product"}],"wp:featuredmedia":[{"embeddable":true,"href":"https:\/\/megacase.com\/fr\/wp-json\/wp\/v2\/media\/227085"}],"wp:attachment":[{"href":"https:\/\/megacase.com\/fr\/wp-json\/wp\/v2\/media?parent=227108"}],"wp:term":[{"taxonomy":"product_brand","embeddable":true,"href":"https:\/\/megacase.com\/fr\/wp-json\/wp\/v2\/product_brand?post=227108"},{"taxonomy":"product_cat","embeddable":true,"href":"https:\/\/megacase.com\/fr\/wp-json\/wp\/v2\/product_cat?post=227108"},{"taxonomy":"product_tag","embeddable":true,"href":"https:\/\/megacase.com\/fr\/wp-json\/wp\/v2\/product_tag?post=227108"}],"curies":[{"name":"wp","href":"https:\/\/api.w.org\/{rel}","templated":true}]}}