{"id":227068,"date":"2021-11-19T06:42:46","date_gmt":"2021-11-19T05:42:46","guid":{"rendered":"https:\/\/megacase.com\/product\/case-eurolite-led-party-panel-rgbuv\/"},"modified":"2026-03-26T13:16:34","modified_gmt":"2026-03-26T12:16:34","slug":"case-eurolite-led-party-panel-rgbuv","status":"publish","type":"product","link":"https:\/\/megacase.com\/fr\/produit\/case-eurolite-led-party-panel-rgbuv\/","title":{"rendered":"Case Eurolite LED Party Panel RGB+UV"},"content":{"rendered":"<p>Valise appropri\u00e9e pour 6 panneaux de f\u00eate Eurolite LED RGB + UV<br \/>\nen bouleau multiplex de 6,8 mm rev\u00eatu de PVC<br \/>\nBord en aluminium 22 x 22 mm<br \/>\n2 mousquetons avec oeillet<br \/>\n1 poign\u00e9e de valise<br \/>\n8 petits coins sph\u00e9riques<br \/>\n2 charni\u00e8res verrouillables<br \/>\nIncrustation mousse pour 6 Panneaux Party LED Eurolite RGB + UV<br \/>\nCompartiment accessoires \u00e0 droite<br \/>\nFabriqu\u00e9 en Allemagne<br \/>\nDimensions ext\u00e9rieures LxPxH : environ 515 x 409 x 221 mm<br \/>\nPoids : environ 6,1 kg<\/p>\n<p>Si vous commandez, veuillez sp\u00e9cifier la couleur d\u00e9sir\u00e9e dans le champ de commentaire<\/p>\n","protected":false},"excerpt":{"rendered":"<p>Valise appropri\u00e9e pour 6 panneaux de f\u00eate Eurolite LED RGB + UV en bouleau multiplex de 6,8 mm rev\u00eatu de<\/p>\n","protected":false},"featured_media":227029,"template":"","meta":{"_acf_changed":false},"product_brand":[],"product_cat":[15423],"product_tag":[],"class_list":{"0":"post-227068","1":"product","2":"type-product","3":"status-publish","4":"has-post-thumbnail","6":"product_cat-light-equipment-case-utilisation","8":"first","9":"instock","10":"taxable","11":"shipping-taxable","12":"purchasable","13":"product-type-simple"},"acf":[],"_links":{"self":[{"href":"https:\/\/megacase.com\/fr\/wp-json\/wp\/v2\/product\/227068","targetHints":{"allow":["GET"]}}],"collection":[{"href":"https:\/\/megacase.com\/fr\/wp-json\/wp\/v2\/product"}],"about":[{"href":"https:\/\/megacase.com\/fr\/wp-json\/wp\/v2\/types\/product"}],"wp:featuredmedia":[{"embeddable":true,"href":"https:\/\/megacase.com\/fr\/wp-json\/wp\/v2\/media\/227029"}],"wp:attachment":[{"href":"https:\/\/megacase.com\/fr\/wp-json\/wp\/v2\/media?parent=227068"}],"wp:term":[{"taxonomy":"product_brand","embeddable":true,"href":"https:\/\/megacase.com\/fr\/wp-json\/wp\/v2\/product_brand?post=227068"},{"taxonomy":"product_cat","embeddable":true,"href":"https:\/\/megacase.com\/fr\/wp-json\/wp\/v2\/product_cat?post=227068"},{"taxonomy":"product_tag","embeddable":true,"href":"https:\/\/megacase.com\/fr\/wp-json\/wp\/v2\/product_tag?post=227068"}],"curies":[{"name":"wp","href":"https:\/\/api.w.org\/{rel}","templated":true}]}}