{"id":225788,"date":"2021-10-06T16:19:24","date_gmt":"2021-10-06T14:19:24","guid":{"rendered":"https:\/\/megacase.com\/product\/flightcase-roland-dj-202\/"},"modified":"2026-03-26T13:16:34","modified_gmt":"2026-03-26T12:16:34","slug":"flightcase-roland-dj-202","status":"publish","type":"product","link":"https:\/\/megacase.com\/fr\/produit\/flightcase-roland-dj-202\/","title":{"rendered":"Flightcase Roland DJ-202"},"content":{"rendered":"<p>Bo\u00eetier assorti avec passe-c\u00e2bles pour un contr\u00f4leur Roland DJ 202<br \/>\nen contreplaqu\u00e9 de bouleau de 6,5 mm recouvert de r\u00e9sine ph\u00e9nolique<br \/>\nCouleur marron<br \/>\nBord en aluminium 22&#215;22 mm<br \/>\n4 serrures papillon \u00e0 ressort, petites<br \/>\n1 poign\u00e9e en cuir<br \/>\n8 petits coins boules en acier<br \/>\n4 pieds en caoutchouc 38&#215;11 mm<br \/>\nMousse<br \/>\nEspace pour les c\u00e2bles<br \/>\nToutes les connexions gratuites<br \/>\nFabriqu\u00e9 en Allemagne<br \/>\nDimensions ext\u00e9rieures LxPxH environ : 536 x 466 x 148 mm<br \/>\nPoids : 5,2 kg<\/p>\n","protected":false},"excerpt":{"rendered":"<p>Bo\u00eetier assorti avec passe-c\u00e2bles pour un contr\u00f4leur Roland DJ 202 en contreplaqu\u00e9 de bouleau de 6,5 mm recouvert de r\u00e9sine<\/p>\n","protected":false},"featured_media":225753,"template":"","meta":{"_acf_changed":false},"product_brand":[],"product_cat":[13730],"product_tag":[],"class_list":{"0":"post-225788","1":"product","2":"type-product","3":"status-publish","4":"has-post-thumbnail","6":"product_cat-dj-cases-fr","8":"first","9":"instock","10":"taxable","11":"shipping-taxable","12":"purchasable","13":"product-type-simple"},"acf":[],"_links":{"self":[{"href":"https:\/\/megacase.com\/fr\/wp-json\/wp\/v2\/product\/225788","targetHints":{"allow":["GET"]}}],"collection":[{"href":"https:\/\/megacase.com\/fr\/wp-json\/wp\/v2\/product"}],"about":[{"href":"https:\/\/megacase.com\/fr\/wp-json\/wp\/v2\/types\/product"}],"wp:featuredmedia":[{"embeddable":true,"href":"https:\/\/megacase.com\/fr\/wp-json\/wp\/v2\/media\/225753"}],"wp:attachment":[{"href":"https:\/\/megacase.com\/fr\/wp-json\/wp\/v2\/media?parent=225788"}],"wp:term":[{"taxonomy":"product_brand","embeddable":true,"href":"https:\/\/megacase.com\/fr\/wp-json\/wp\/v2\/product_brand?post=225788"},{"taxonomy":"product_cat","embeddable":true,"href":"https:\/\/megacase.com\/fr\/wp-json\/wp\/v2\/product_cat?post=225788"},{"taxonomy":"product_tag","embeddable":true,"href":"https:\/\/megacase.com\/fr\/wp-json\/wp\/v2\/product_tag?post=225788"}],"curies":[{"name":"wp","href":"https:\/\/api.w.org\/{rel}","templated":true}]}}