{"id":225589,"date":"2021-10-05T15:59:38","date_gmt":"2021-10-05T13:59:38","guid":{"rendered":"https:\/\/megacase.com\/product\/flightcase-meyer-sound-900-lfc-wheel\/"},"modified":"2026-03-26T13:16:35","modified_gmt":"2026-03-26T12:16:35","slug":"flightcase-meyer-sound-900-lfc-wheel","status":"publish","type":"product","link":"https:\/\/megacase.com\/fr\/produit\/flightcase-meyer-sound-900-lfc-wheel\/","title":{"rendered":"Flightcase Meyer Sound 900-LFC + wheel"},"content":{"rendered":"<p>Valise de transport adapt\u00e9e aux enceintes Meyer Sound 900-LFC<br \/>\nen contreplaqu\u00e9 de bouleau de 6,8 mm rev\u00eatu<br \/>\nCouleur : <a href=\"https:\/\/megacase.com\/fr\/farben-beschichtungen\/\">librement s\u00e9lectionnable<\/a><br \/>\nBord en aluminium 30 x 30 mm<br \/>\n4 serrures papillon, moyennes<br \/>\n8 poign\u00e9es rabattables m\u00e9dium<br \/>\n8 coins sph\u00e9riques moyens<br \/>\n4 roulettes pivotantes dont 2 frein\u00e9es<br \/>\nRembourrage en mousse<br \/>\nFabriqu\u00e9 en Allemagne<br \/>\nDimensions ext\u00e9rieures LxPxH environ : 770 x 720 x 850 mm<br \/>\nPoids approx.: 29,9 kg<\/p>\n<h4>Si vous commandez, veuillez sp\u00e9cifier la couleur d\u00e9sir\u00e9e dans le champ de commentaire<\/h4>\n","protected":false},"excerpt":{"rendered":"<p>Valise de transport adapt\u00e9e aux enceintes Meyer Sound 900-LFC en contreplaqu\u00e9 de bouleau de 6,8 mm rev\u00eatu Couleur : librement<\/p>\n","protected":false},"featured_media":225585,"template":"","meta":{"_acf_changed":false},"product_brand":[],"product_cat":[15152],"product_tag":[],"class_list":{"0":"post-225589","1":"product","2":"type-product","3":"status-publish","4":"has-post-thumbnail","6":"product_cat-audio-utilisation","8":"first","9":"instock","10":"taxable","11":"shipping-taxable","12":"purchasable","13":"product-type-simple"},"acf":[],"_links":{"self":[{"href":"https:\/\/megacase.com\/fr\/wp-json\/wp\/v2\/product\/225589","targetHints":{"allow":["GET"]}}],"collection":[{"href":"https:\/\/megacase.com\/fr\/wp-json\/wp\/v2\/product"}],"about":[{"href":"https:\/\/megacase.com\/fr\/wp-json\/wp\/v2\/types\/product"}],"wp:featuredmedia":[{"embeddable":true,"href":"https:\/\/megacase.com\/fr\/wp-json\/wp\/v2\/media\/225585"}],"wp:attachment":[{"href":"https:\/\/megacase.com\/fr\/wp-json\/wp\/v2\/media?parent=225589"}],"wp:term":[{"taxonomy":"product_brand","embeddable":true,"href":"https:\/\/megacase.com\/fr\/wp-json\/wp\/v2\/product_brand?post=225589"},{"taxonomy":"product_cat","embeddable":true,"href":"https:\/\/megacase.com\/fr\/wp-json\/wp\/v2\/product_cat?post=225589"},{"taxonomy":"product_tag","embeddable":true,"href":"https:\/\/megacase.com\/fr\/wp-json\/wp\/v2\/product_tag?post=225589"}],"curies":[{"name":"wp","href":"https:\/\/api.w.org\/{rel}","templated":true}]}}