{"id":225490,"date":"2021-10-05T15:43:46","date_gmt":"2021-10-05T13:43:46","guid":{"rendered":"https:\/\/megacase.com\/product\/case-2x-seeburg-acoustic-line-a6-dp\/"},"modified":"2026-03-26T13:16:36","modified_gmt":"2026-03-26T12:16:36","slug":"case-2x-seeburg-acoustic-line-a6-dp","status":"publish","type":"product","link":"https:\/\/megacase.com\/fr\/produit\/case-2x-seeburg-acoustic-line-a6-dp\/","title":{"rendered":"Case 2x Seeburg Acoustic Line A6 dp"},"content":{"rendered":"<p>Housse de capot assortie pour 2 enceintes Seeburg Acoustic line A6 \/ A6 dp<br \/>\nEnduit de contreplaqu\u00e9 de bouleau de 9 mm<br \/>\nCouleur : <a href=\"https:\/\/megacase.com\/fr\/farben-beschichtungen\/\">librement s\u00e9lectionnable<\/a><br \/>\nBord en aluminium 30 x 30 mm<br \/>\n4 serrures papillon, moyennes<br \/>\n8 poign\u00e9es rabattables m\u00e9dium<br \/>\n8 coins boule grand<br \/>\n4 roulettes pivotantes dont 2 frein\u00e9es<br \/>\ncompartiment central pour accessoires de 150 mm de large<br \/>\nRembourrage en mousse<br \/>\nFabriqu\u00e9 en Allemagne<br \/>\nDimensions ext\u00e9rieures LxPxH environ : 960 x 445 x 840 mm<br \/>\nPoids env.: 32 kg<\/p>\n<h4>Si vous commandez, veuillez sp\u00e9cifier la couleur d\u00e9sir\u00e9e dans le champ de commentaire<\/h4>\n","protected":false},"excerpt":{"rendered":"<p>Housse de capot assortie pour 2 enceintes Seeburg Acoustic line A6 \/ A6 dp Enduit de contreplaqu\u00e9 de bouleau de<\/p>\n","protected":false},"featured_media":225487,"template":"","meta":{"_acf_changed":false},"product_brand":[],"product_cat":[15152],"product_tag":[],"class_list":{"0":"post-225490","1":"product","2":"type-product","3":"status-publish","4":"has-post-thumbnail","6":"product_cat-audio-utilisation","8":"first","9":"instock","10":"taxable","11":"shipping-taxable","12":"purchasable","13":"product-type-simple"},"acf":[],"_links":{"self":[{"href":"https:\/\/megacase.com\/fr\/wp-json\/wp\/v2\/product\/225490","targetHints":{"allow":["GET"]}}],"collection":[{"href":"https:\/\/megacase.com\/fr\/wp-json\/wp\/v2\/product"}],"about":[{"href":"https:\/\/megacase.com\/fr\/wp-json\/wp\/v2\/types\/product"}],"wp:featuredmedia":[{"embeddable":true,"href":"https:\/\/megacase.com\/fr\/wp-json\/wp\/v2\/media\/225487"}],"wp:attachment":[{"href":"https:\/\/megacase.com\/fr\/wp-json\/wp\/v2\/media?parent=225490"}],"wp:term":[{"taxonomy":"product_brand","embeddable":true,"href":"https:\/\/megacase.com\/fr\/wp-json\/wp\/v2\/product_brand?post=225490"},{"taxonomy":"product_cat","embeddable":true,"href":"https:\/\/megacase.com\/fr\/wp-json\/wp\/v2\/product_cat?post=225490"},{"taxonomy":"product_tag","embeddable":true,"href":"https:\/\/megacase.com\/fr\/wp-json\/wp\/v2\/product_tag?post=225490"}],"curies":[{"name":"wp","href":"https:\/\/api.w.org\/{rel}","templated":true}]}}