{"id":225436,"date":"2021-10-05T15:33:14","date_gmt":"2021-10-05T13:33:14","guid":{"rendered":"https:\/\/megacase.com\/product\/flightcase-panasonic-aw-he40s\/"},"modified":"2026-03-26T13:16:36","modified_gmt":"2026-03-26T12:16:36","slug":"flightcase-panasonic-aw-he40s","status":"publish","type":"product","link":"https:\/\/megacase.com\/fr\/produit\/flightcase-panasonic-aw-he40s\/","title":{"rendered":"Flightcase Panasonic AW-HE40S"},"content":{"rendered":"<p>Bo\u00eetier adapt\u00e9 pour une cam\u00e9ra Panasonic AW-HE40S Full HD<br \/>\nEnduit de r\u00e9sine ph\u00e9nolique multiplex de bouleau de 6,8 mm<br \/>\nCouleur noir RAL 9004<br \/>\nBord en aluminium 22&#215;22 mm<br \/>\n1 serrure papillon moyenne<br \/>\n2 grandes charni\u00e8res verrouillables<br \/>\n1 poign\u00e9e rabattable, moyenne<br \/>\n8 coins sph\u00e9riques moyens<br \/>\nCompartiment accessoires de 150 mm de large \u00e0 droite<br \/>\nIncrustation en mousse adapt\u00e9e \u00e0 la cam\u00e9ra<br \/>\nFabriqu\u00e9 en Allemagne<br \/>\nDimensions ext\u00e9rieures LxPxH 410 x 240 x 275 mm<br \/>\nPoids : 5,7 kg<\/p>\n","protected":false},"excerpt":{"rendered":"<p>Bo\u00eetier adapt\u00e9 pour une cam\u00e9ra Panasonic AW-HE40S Full HD Enduit de r\u00e9sine ph\u00e9nolique multiplex de bouleau de 6,8 mm Couleur<\/p>\n","protected":false},"featured_media":225413,"template":"","meta":{"_acf_changed":false},"product_brand":[],"product_cat":[16064],"product_tag":[],"class_list":{"0":"post-225436","1":"product","2":"type-product","3":"status-publish","4":"has-post-thumbnail","6":"product_cat-cases-for-video-equipment-fr","8":"first","9":"instock","10":"taxable","11":"shipping-taxable","12":"purchasable","13":"product-type-simple"},"acf":[],"_links":{"self":[{"href":"https:\/\/megacase.com\/fr\/wp-json\/wp\/v2\/product\/225436","targetHints":{"allow":["GET"]}}],"collection":[{"href":"https:\/\/megacase.com\/fr\/wp-json\/wp\/v2\/product"}],"about":[{"href":"https:\/\/megacase.com\/fr\/wp-json\/wp\/v2\/types\/product"}],"wp:featuredmedia":[{"embeddable":true,"href":"https:\/\/megacase.com\/fr\/wp-json\/wp\/v2\/media\/225413"}],"wp:attachment":[{"href":"https:\/\/megacase.com\/fr\/wp-json\/wp\/v2\/media?parent=225436"}],"wp:term":[{"taxonomy":"product_brand","embeddable":true,"href":"https:\/\/megacase.com\/fr\/wp-json\/wp\/v2\/product_brand?post=225436"},{"taxonomy":"product_cat","embeddable":true,"href":"https:\/\/megacase.com\/fr\/wp-json\/wp\/v2\/product_cat?post=225436"},{"taxonomy":"product_tag","embeddable":true,"href":"https:\/\/megacase.com\/fr\/wp-json\/wp\/v2\/product_tag?post=225436"}],"curies":[{"name":"wp","href":"https:\/\/api.w.org\/{rel}","templated":true}]}}