{"id":225400,"date":"2021-10-05T15:26:59","date_gmt":"2021-10-05T13:26:59","guid":{"rendered":"https:\/\/megacase.com\/product\/flightcase-cameo-phantom-f5\/"},"modified":"2026-03-26T13:16:36","modified_gmt":"2026-03-26T12:16:36","slug":"flightcase-cameo-phantom-f5","status":"publish","type":"product","link":"https:\/\/megacase.com\/fr\/produit\/flightcase-cameo-phantom-f5\/","title":{"rendered":"Flightcase Cameo Phantom F5"},"content":{"rendered":"<p>Mallette de transport adapt\u00e9e pour une machine \u00e0 brouillard Cameo Phantom F5<br \/>\nEnduit de r\u00e9sine ph\u00e9nolique multiplex de bouleau de 6,5 mm<br \/>\nCouleur marron<br \/>\nBord en aluminium 30&#215;30 mm<br \/>\n2 serrures papillon moyennes<br \/>\n1 poign\u00e9e rabattable moyenne<br \/>\n8 coins \u00e0 billes en acier moyen<br \/>\nRembourrage en mousse<br \/>\nL&rsquo;appareil peut \u00eatre utilis\u00e9 dans la partie inf\u00e9rieure<br \/>\nFabriqu\u00e9 en Allemagne<br \/>\nDimensions ext\u00e9rieures LxPxH environ 520 x 370 x 325 mm<br \/>\nPoids : environ 7,3 kg<\/p>\n","protected":false},"excerpt":{"rendered":"<p>Mallette de transport adapt\u00e9e pour une machine \u00e0 brouillard Cameo Phantom F5 Enduit de r\u00e9sine ph\u00e9nolique multiplex de bouleau de<\/p>\n","protected":false},"featured_media":225389,"template":"","meta":{"_acf_changed":false},"product_brand":[],"product_cat":[15923],"product_tag":[],"class_list":{"0":"post-225400","1":"product","2":"type-product","3":"status-publish","4":"has-post-thumbnail","6":"product_cat-smoke-machine-utilisation","8":"first","9":"instock","10":"taxable","11":"shipping-taxable","12":"purchasable","13":"product-type-simple"},"acf":[],"_links":{"self":[{"href":"https:\/\/megacase.com\/fr\/wp-json\/wp\/v2\/product\/225400","targetHints":{"allow":["GET"]}}],"collection":[{"href":"https:\/\/megacase.com\/fr\/wp-json\/wp\/v2\/product"}],"about":[{"href":"https:\/\/megacase.com\/fr\/wp-json\/wp\/v2\/types\/product"}],"wp:featuredmedia":[{"embeddable":true,"href":"https:\/\/megacase.com\/fr\/wp-json\/wp\/v2\/media\/225389"}],"wp:attachment":[{"href":"https:\/\/megacase.com\/fr\/wp-json\/wp\/v2\/media?parent=225400"}],"wp:term":[{"taxonomy":"product_brand","embeddable":true,"href":"https:\/\/megacase.com\/fr\/wp-json\/wp\/v2\/product_brand?post=225400"},{"taxonomy":"product_cat","embeddable":true,"href":"https:\/\/megacase.com\/fr\/wp-json\/wp\/v2\/product_cat?post=225400"},{"taxonomy":"product_tag","embeddable":true,"href":"https:\/\/megacase.com\/fr\/wp-json\/wp\/v2\/product_tag?post=225400"}],"curies":[{"name":"wp","href":"https:\/\/api.w.org\/{rel}","templated":true}]}}