{"id":225348,"date":"2021-10-05T15:17:17","date_gmt":"2021-10-05T13:17:17","guid":{"rendered":"https:\/\/megacase.com\/product\/flightcase-alesis-vortex-wireless-2\/"},"modified":"2026-03-26T13:16:36","modified_gmt":"2026-03-26T12:16:36","slug":"flightcase-alesis-vortex-wireless-2","status":"publish","type":"product","link":"https:\/\/megacase.com\/fr\/produit\/flightcase-alesis-vortex-wireless-2\/","title":{"rendered":"Flightcase Alesis Vortex Wireless 2"},"content":{"rendered":"<p>\u00c9tui assorti pour un Alesis Vortex Wireless 2<br \/>\nen contreplaqu\u00e9 de bouleau de 6,8 mm recouvert de r\u00e9sine ph\u00e9nolique<br \/>\nCouleur marron<br \/>\nBord en aluminium 22&#215;22 mm<br \/>\n2 petites serrures papillon<br \/>\n1 poign\u00e9e en cuir<br \/>\n2 charni\u00e8res verrouillables<br \/>\n4 petits coins boules en acier<br \/>\n4 petits coins boules en acier avec coin en L<br \/>\nRembourrage en mousse<br \/>\nFabriqu\u00e9 en Allemagne<br \/>\nDimensions ext\u00e9rieures LxPxH 970 x 385 x 155 mm<br \/>\nPoids : 7,6 kg<\/p>\n","protected":false},"excerpt":{"rendered":"<p>\u00c9tui assorti pour un Alesis Vortex Wireless 2 en contreplaqu\u00e9 de bouleau de 6,8 mm recouvert de r\u00e9sine ph\u00e9nolique Couleur<\/p>\n","protected":false},"featured_media":225341,"template":"","meta":{"_acf_changed":false},"product_brand":[],"product_cat":[13787],"product_tag":[],"class_list":{"0":"post-225348","1":"product","2":"type-product","3":"status-publish","4":"has-post-thumbnail","6":"product_cat-keyboard-cases-fr","8":"first","9":"instock","10":"taxable","11":"shipping-taxable","12":"purchasable","13":"product-type-simple"},"acf":[],"_links":{"self":[{"href":"https:\/\/megacase.com\/fr\/wp-json\/wp\/v2\/product\/225348","targetHints":{"allow":["GET"]}}],"collection":[{"href":"https:\/\/megacase.com\/fr\/wp-json\/wp\/v2\/product"}],"about":[{"href":"https:\/\/megacase.com\/fr\/wp-json\/wp\/v2\/types\/product"}],"wp:featuredmedia":[{"embeddable":true,"href":"https:\/\/megacase.com\/fr\/wp-json\/wp\/v2\/media\/225341"}],"wp:attachment":[{"href":"https:\/\/megacase.com\/fr\/wp-json\/wp\/v2\/media?parent=225348"}],"wp:term":[{"taxonomy":"product_brand","embeddable":true,"href":"https:\/\/megacase.com\/fr\/wp-json\/wp\/v2\/product_brand?post=225348"},{"taxonomy":"product_cat","embeddable":true,"href":"https:\/\/megacase.com\/fr\/wp-json\/wp\/v2\/product_cat?post=225348"},{"taxonomy":"product_tag","embeddable":true,"href":"https:\/\/megacase.com\/fr\/wp-json\/wp\/v2\/product_tag?post=225348"}],"curies":[{"name":"wp","href":"https:\/\/api.w.org\/{rel}","templated":true}]}}