{"id":225298,"date":"2021-10-05T15:03:31","date_gmt":"2021-10-05T13:03:31","guid":{"rendered":"https:\/\/megacase.com\/product\/case-4x-varytec-led-theater-spot-250-mz-wheel\/"},"modified":"2026-03-26T13:16:37","modified_gmt":"2026-03-26T12:16:37","slug":"case-4x-varytec-led-theater-spot-250-mz-wheel","status":"publish","type":"product","link":"https:\/\/megacase.com\/fr\/produit\/case-4x-varytec-led-theater-spot-250-mz-wheel\/","title":{"rendered":"Case 4x Varytec LED Theater Spot 250 MZ + wheel"},"content":{"rendered":"<p>Coffre appropri\u00e9 pour 4 Varytec LED Theater Spot 250 MZ 3200K<br \/>\nEnduit de r\u00e9sine ph\u00e9nolique multiplex de bouleau de 6,5 mm<br \/>\nCouleur marron<br \/>\nBord en aluminium 30&#215;30 mm<br \/>\n2 serrures papillon, moyennes<br \/>\n4 poign\u00e9es rabattables m\u00e9dium<br \/>\n2 charni\u00e8res verrouillables<br \/>\n4 coins sph\u00e9riques m\u00e9dium avec coin en L 62 mm<br \/>\n4 coins sph\u00e9riques moyens<br \/>\nMousse<br \/>\nCompartiment pour accessoires de 150 mm de large au milieu avec mousse en bas<br \/>\n4 roulettes pivotantes 100 mm dont 2 frein\u00e9es<br \/>\nFabriqu\u00e9 en Allemagne<br \/>\nDimensions ext\u00e9rieures LxPxH environ 935 x 702 x 738 mm<br \/>\nPoids environ 40,7 kg<\/p>\n","protected":false},"excerpt":{"rendered":"<p>Coffre appropri\u00e9 pour 4 Varytec LED Theater Spot 250 MZ 3200K Enduit de r\u00e9sine ph\u00e9nolique multiplex de bouleau de 6,5<\/p>\n","protected":false},"featured_media":225263,"template":"","meta":{"_acf_changed":false},"product_brand":[],"product_cat":[15423],"product_tag":[],"class_list":{"0":"post-225298","1":"product","2":"type-product","3":"status-publish","4":"has-post-thumbnail","6":"product_cat-light-equipment-case-utilisation","8":"first","9":"instock","10":"taxable","11":"shipping-taxable","12":"purchasable","13":"product-type-simple"},"acf":[],"_links":{"self":[{"href":"https:\/\/megacase.com\/fr\/wp-json\/wp\/v2\/product\/225298","targetHints":{"allow":["GET"]}}],"collection":[{"href":"https:\/\/megacase.com\/fr\/wp-json\/wp\/v2\/product"}],"about":[{"href":"https:\/\/megacase.com\/fr\/wp-json\/wp\/v2\/types\/product"}],"wp:featuredmedia":[{"embeddable":true,"href":"https:\/\/megacase.com\/fr\/wp-json\/wp\/v2\/media\/225263"}],"wp:attachment":[{"href":"https:\/\/megacase.com\/fr\/wp-json\/wp\/v2\/media?parent=225298"}],"wp:term":[{"taxonomy":"product_brand","embeddable":true,"href":"https:\/\/megacase.com\/fr\/wp-json\/wp\/v2\/product_brand?post=225298"},{"taxonomy":"product_cat","embeddable":true,"href":"https:\/\/megacase.com\/fr\/wp-json\/wp\/v2\/product_cat?post=225298"},{"taxonomy":"product_tag","embeddable":true,"href":"https:\/\/megacase.com\/fr\/wp-json\/wp\/v2\/product_tag?post=225298"}],"curies":[{"name":"wp","href":"https:\/\/api.w.org\/{rel}","templated":true}]}}