{"id":225252,"date":"2021-10-05T14:52:00","date_gmt":"2021-10-05T12:52:00","guid":{"rendered":"https:\/\/megacase.com\/product\/10he-live-rack-50-rsh-col-wheel\/"},"modified":"2026-03-26T13:16:37","modified_gmt":"2026-03-26T12:16:37","slug":"10he-live-rack-50-rsh-col-wheel","status":"publish","type":"product","link":"https:\/\/megacase.com\/fr\/produit\/10he-live-rack-50-rsh-col-wheel\/","title":{"rendered":"10HE Live Rack 50 RSH\/COL + wheel"},"content":{"rendered":"<p>Double porte-porte<br \/>\nHauteur d&rsquo;installation: 10untits<br \/>\nProfondeur corpus: 50 cm<br \/>\nProfondeur d&rsquo;installation: 47 cm<br \/>\n6.8mm Birch Multiplex PVC enduit<br \/>\nCouleur: <a href=\"https:\/\/megacase.com\/fr\/farben-beschichtungen\/\">librement s\u00e9lectionnable<\/a><br \/>\n25&#215;25 mm Alukante<br \/>\n4 fermetures de papillon survol\u00e9es<br \/>\n4 poign\u00e9es pliantes moyennes<br \/>\n8 coins de la balle moyenne<br \/>\nRails de rack avec le cuir en caoutchouc avant et arri\u00e8re<br \/>\nJeu de vis inclus<br \/>\n4 roulettes 100 mm d&rsquo;entre eux sont frein\u00e9s 2<br \/>\nFabriqu\u00e9 en Allemagne<br \/>\nDimensions ext\u00e9rieures LxHxP env.: 555 x 655 x 637 mm<br \/>\nPoids env. 22,8 kg<\/p>\n<h4>Si vous commandez, veuillez sp\u00e9cifier la couleur d\u00e9sir\u00e9e dans le champ de commentaire<\/h4>\n","protected":false},"excerpt":{"rendered":"<p>Double porte-porte Hauteur d&rsquo;installation: 10untits Profondeur corpus: 50 cm Profondeur d&rsquo;installation: 47 cm 6.8mm Birch Multiplex PVC enduit Couleur: librement<\/p>\n","protected":false},"featured_media":225245,"template":"","meta":{"_acf_changed":false},"product_brand":[],"product_cat":[13593],"product_tag":[],"class_list":{"0":"post-225252","1":"product","2":"type-product","3":"status-publish","4":"has-post-thumbnail","6":"product_cat-racks-fr","8":"first","9":"instock","10":"taxable","11":"shipping-taxable","12":"purchasable","13":"product-type-simple"},"acf":[],"_links":{"self":[{"href":"https:\/\/megacase.com\/fr\/wp-json\/wp\/v2\/product\/225252","targetHints":{"allow":["GET"]}}],"collection":[{"href":"https:\/\/megacase.com\/fr\/wp-json\/wp\/v2\/product"}],"about":[{"href":"https:\/\/megacase.com\/fr\/wp-json\/wp\/v2\/types\/product"}],"wp:featuredmedia":[{"embeddable":true,"href":"https:\/\/megacase.com\/fr\/wp-json\/wp\/v2\/media\/225245"}],"wp:attachment":[{"href":"https:\/\/megacase.com\/fr\/wp-json\/wp\/v2\/media?parent=225252"}],"wp:term":[{"taxonomy":"product_brand","embeddable":true,"href":"https:\/\/megacase.com\/fr\/wp-json\/wp\/v2\/product_brand?post=225252"},{"taxonomy":"product_cat","embeddable":true,"href":"https:\/\/megacase.com\/fr\/wp-json\/wp\/v2\/product_cat?post=225252"},{"taxonomy":"product_tag","embeddable":true,"href":"https:\/\/megacase.com\/fr\/wp-json\/wp\/v2\/product_tag?post=225252"}],"curies":[{"name":"wp","href":"https:\/\/api.w.org\/{rel}","templated":true}]}}