{"id":225203,"date":"2021-10-05T13:18:51","date_gmt":"2021-10-05T11:18:51","guid":{"rendered":"https:\/\/megacase.com\/product\/case-yamaha-gns-ms01\/"},"modified":"2026-03-26T13:16:37","modified_gmt":"2026-03-26T12:16:37","slug":"case-yamaha-gns-ms01","status":"publish","type":"product","link":"https:\/\/megacase.com\/fr\/produit\/case-yamaha-gns-ms01\/","title":{"rendered":"Case Yamaha GNS MS01"},"content":{"rendered":"<p>Flight-case assorti pour un Yamaha GNS MS01<br \/>\n\u00e0 partir de 6,8 mm de r\u00e9sine ph\u00e9nolique multiplex de bouleau enrob\u00e9<br \/>\nCouleur marron<br \/>\n30&#215;30 mm Alukante<br \/>\n2 Moyen papillon<br \/>\n2 charni\u00e8re de verrouillage gros<br \/>\n2 milieu de poign\u00e9e pliante<br \/>\n4 billes de coin moyen<br \/>\nCoin de 4 billes avec support d&rsquo;angle L int\u00e9gr\u00e9<br \/>\nInt\u00e9rieur<br \/>\nRembourrage en mousse<br \/>\nCompartiment accessoire de 10 cm pour c\u00e2bles, etc.<br \/>\nFabriqu\u00e9 en Allemagne<br \/>\nDimensions ext\u00e9rieures LxPxH env. 825 x 415 x 295 mm<br \/>\nPoids: env. 12,4 kg<\/p>\n","protected":false},"excerpt":{"rendered":"<p>Flight-case assorti pour un Yamaha GNS MS01 \u00e0 partir de 6,8 mm de r\u00e9sine ph\u00e9nolique multiplex de bouleau enrob\u00e9 Couleur<\/p>\n","protected":false},"featured_media":225196,"template":"","meta":{"_acf_changed":false},"product_brand":[],"product_cat":[15152],"product_tag":[],"class_list":{"0":"post-225203","1":"product","2":"type-product","3":"status-publish","4":"has-post-thumbnail","6":"product_cat-audio-utilisation","8":"first","9":"instock","10":"taxable","11":"shipping-taxable","12":"purchasable","13":"product-type-simple"},"acf":[],"_links":{"self":[{"href":"https:\/\/megacase.com\/fr\/wp-json\/wp\/v2\/product\/225203","targetHints":{"allow":["GET"]}}],"collection":[{"href":"https:\/\/megacase.com\/fr\/wp-json\/wp\/v2\/product"}],"about":[{"href":"https:\/\/megacase.com\/fr\/wp-json\/wp\/v2\/types\/product"}],"wp:featuredmedia":[{"embeddable":true,"href":"https:\/\/megacase.com\/fr\/wp-json\/wp\/v2\/media\/225196"}],"wp:attachment":[{"href":"https:\/\/megacase.com\/fr\/wp-json\/wp\/v2\/media?parent=225203"}],"wp:term":[{"taxonomy":"product_brand","embeddable":true,"href":"https:\/\/megacase.com\/fr\/wp-json\/wp\/v2\/product_brand?post=225203"},{"taxonomy":"product_cat","embeddable":true,"href":"https:\/\/megacase.com\/fr\/wp-json\/wp\/v2\/product_cat?post=225203"},{"taxonomy":"product_tag","embeddable":true,"href":"https:\/\/megacase.com\/fr\/wp-json\/wp\/v2\/product_tag?post=225203"}],"curies":[{"name":"wp","href":"https:\/\/api.w.org\/{rel}","templated":true}]}}