{"id":225132,"date":"2021-10-05T13:06:22","date_gmt":"2021-10-05T11:06:22","guid":{"rendered":"https:\/\/megacase.com\/product\/flightcase-hk-audio-lucas-nano-600\/"},"modified":"2026-03-26T13:16:38","modified_gmt":"2026-03-26T12:16:38","slug":"flightcase-hk-audio-lucas-nano-600","status":"publish","type":"product","link":"https:\/\/megacase.com\/fr\/produit\/flightcase-hk-audio-lucas-nano-600\/","title":{"rendered":"Flightcase HK Audio Lucas Nano 600"},"content":{"rendered":"<p>Coque assortie pour un ensemble HK Audio Lucas Nano 600\/602\/605 et 608;<br \/>\n\u00e0 partir de 6,8 mm de r\u00e9sine ph\u00e9nolique multiplex de bouleau enrob\u00e9<br \/>\nCouleur marron<br \/>\n30&#215;30 mm Alukante<br \/>\n2 fermetures de papillons gros<br \/>\n3 poign\u00e9es pliantes moyennes<br \/>\n8 coins de la balle moyenne<br \/>\nRembourrage en mousse de 10 mm<br \/>\nFabriqu\u00e9 en Allemagne<br \/>\nDimensions ext\u00e9rieures LxPxH environ.: 530 x 420 x 570 mm<\/p>\n","protected":false},"excerpt":{"rendered":"<p>Coque assortie pour un ensemble HK Audio Lucas Nano 600\/602\/605 et 608; \u00e0 partir de 6,8 mm de r\u00e9sine ph\u00e9nolique<\/p>\n","protected":false},"featured_media":225129,"template":"","meta":{"_acf_changed":false},"product_brand":[],"product_cat":[15152],"product_tag":[],"class_list":{"0":"post-225132","1":"product","2":"type-product","3":"status-publish","4":"has-post-thumbnail","6":"product_cat-audio-utilisation","8":"first","9":"instock","10":"taxable","11":"shipping-taxable","12":"purchasable","13":"product-type-simple"},"acf":[],"_links":{"self":[{"href":"https:\/\/megacase.com\/fr\/wp-json\/wp\/v2\/product\/225132","targetHints":{"allow":["GET"]}}],"collection":[{"href":"https:\/\/megacase.com\/fr\/wp-json\/wp\/v2\/product"}],"about":[{"href":"https:\/\/megacase.com\/fr\/wp-json\/wp\/v2\/types\/product"}],"wp:featuredmedia":[{"embeddable":true,"href":"https:\/\/megacase.com\/fr\/wp-json\/wp\/v2\/media\/225129"}],"wp:attachment":[{"href":"https:\/\/megacase.com\/fr\/wp-json\/wp\/v2\/media?parent=225132"}],"wp:term":[{"taxonomy":"product_brand","embeddable":true,"href":"https:\/\/megacase.com\/fr\/wp-json\/wp\/v2\/product_brand?post=225132"},{"taxonomy":"product_cat","embeddable":true,"href":"https:\/\/megacase.com\/fr\/wp-json\/wp\/v2\/product_cat?post=225132"},{"taxonomy":"product_tag","embeddable":true,"href":"https:\/\/megacase.com\/fr\/wp-json\/wp\/v2\/product_tag?post=225132"}],"curies":[{"name":"wp","href":"https:\/\/api.w.org\/{rel}","templated":true}]}}