{"id":223679,"date":"2021-08-12T13:51:07","date_gmt":"2021-08-12T11:51:07","guid":{"rendered":"https:\/\/megacase.com\/product\/flightcase-marshall-origin-212-a-cabinet\/"},"modified":"2026-03-26T13:16:38","modified_gmt":"2026-03-26T12:16:38","slug":"flightcase-marshall-origin-212-a-cabinet","status":"publish","type":"product","link":"https:\/\/megacase.com\/fr\/produit\/flightcase-marshall-origin-212-a-cabinet\/","title":{"rendered":"Flightcase Marshall Origin 212 A Cabinet"},"content":{"rendered":"<p>Housse de capot assortie pour baffle Marshall Origin 212 A<br \/>\nEnduit de r\u00e9sine ph\u00e9nolique multiplex de bouleau de 6,8 mm<br \/>\nCouleur marron<br \/>\nBord en aluminium 30 x 30 mm<br \/>\n2 grandes serrures papillon<br \/>\n2 poign\u00e9es rabattables m\u00e9dium<br \/>\n8 coins sph\u00e9riques \u00e9chelonn\u00e9s moyens<br \/>\n4 roulettes pivotantes dont 2 frein\u00e9es<br \/>\nrembourrage en mousse de 10 mm<br \/>\nMousse alv\u00e9ol\u00e9e de 30 mm dans le couvercle<br \/>\nFabriqu\u00e9 en Allemagne<br \/>\nDimensions ext\u00e9rieures LxPxH environ : 605 x 380 x 980 mm<br \/>\nPoids approx.: 21,4 kg<\/p>\n","protected":false},"excerpt":{"rendered":"<p>Housse de capot assortie pour baffle Marshall Origin 212 A Enduit de r\u00e9sine ph\u00e9nolique multiplex de bouleau de 6,8 mm<\/p>\n","protected":false},"featured_media":223672,"template":"","meta":{"_acf_changed":false},"product_brand":[],"product_cat":[13589],"product_tag":[],"class_list":{"0":"post-223679","1":"product","2":"type-product","3":"status-publish","4":"has-post-thumbnail","6":"product_cat-amp-cases-fr","8":"first","9":"instock","10":"taxable","11":"shipping-taxable","12":"purchasable","13":"product-type-simple"},"acf":[],"_links":{"self":[{"href":"https:\/\/megacase.com\/fr\/wp-json\/wp\/v2\/product\/223679","targetHints":{"allow":["GET"]}}],"collection":[{"href":"https:\/\/megacase.com\/fr\/wp-json\/wp\/v2\/product"}],"about":[{"href":"https:\/\/megacase.com\/fr\/wp-json\/wp\/v2\/types\/product"}],"wp:featuredmedia":[{"embeddable":true,"href":"https:\/\/megacase.com\/fr\/wp-json\/wp\/v2\/media\/223672"}],"wp:attachment":[{"href":"https:\/\/megacase.com\/fr\/wp-json\/wp\/v2\/media?parent=223679"}],"wp:term":[{"taxonomy":"product_brand","embeddable":true,"href":"https:\/\/megacase.com\/fr\/wp-json\/wp\/v2\/product_brand?post=223679"},{"taxonomy":"product_cat","embeddable":true,"href":"https:\/\/megacase.com\/fr\/wp-json\/wp\/v2\/product_cat?post=223679"},{"taxonomy":"product_tag","embeddable":true,"href":"https:\/\/megacase.com\/fr\/wp-json\/wp\/v2\/product_tag?post=223679"}],"curies":[{"name":"wp","href":"https:\/\/api.w.org\/{rel}","templated":true}]}}