{"id":223619,"date":"2021-08-12T13:42:53","date_gmt":"2021-08-12T11:42:53","guid":{"rendered":"https:\/\/megacase.com\/product\/flightcase-roland-vr-50hd\/"},"modified":"2026-03-26T13:16:38","modified_gmt":"2026-03-26T12:16:38","slug":"flightcase-roland-vr-50hd","status":"publish","type":"product","link":"https:\/\/megacase.com\/fr\/produit\/flightcase-roland-vr-50hd\/","title":{"rendered":"Flightcase Roland VR-50HD"},"content":{"rendered":"<p>Bo\u00eetier de capot assorti pour un m\u00e9langeur vid\u00e9o Roland VR-50HD<br \/>\nEnduit de r\u00e9sine ph\u00e9nolique multiplex de bouleau de 6,8 mm<br \/>\nCouleur marron<br \/>\nBord en aluminium 30 x 30 mm<br \/>\n4 serrures papillon, moyennes<br \/>\n4 poign\u00e9es rabattables m\u00e9dium<br \/>\n8 coins sph\u00e9riques moyens<br \/>\n4 pieds en caoutchouc 38 x 20 mm<br \/>\nPont moniteur avec per\u00e7age Vesa 100 x 100 mm<br \/>\nChemin de c\u00e2bles de 140 mm de profondeur<br \/>\ntaille max. du moniteur : 520 x 350 x 35<br \/>\nRembourrage en mousse<br \/>\nFabriqu\u00e9 en Allemagne<br \/>\nDimensions ext\u00e9rieures LxPxH env. : 605 x 560 x 360 mm<br \/>\nPoids env. : 16 kg<\/p>\n","protected":false},"excerpt":{"rendered":"<p>Bo\u00eetier de capot assorti pour un m\u00e9langeur vid\u00e9o Roland VR-50HD Enduit de r\u00e9sine ph\u00e9nolique multiplex de bouleau de 6,8 mm<\/p>\n","protected":false},"featured_media":223612,"template":"","meta":{"_acf_changed":false},"product_brand":[],"product_cat":[16064],"product_tag":[],"class_list":{"0":"post-223619","1":"product","2":"type-product","3":"status-publish","4":"has-post-thumbnail","6":"product_cat-cases-for-video-equipment-fr","8":"first","9":"instock","10":"taxable","11":"shipping-taxable","12":"purchasable","13":"product-type-simple"},"acf":[],"_links":{"self":[{"href":"https:\/\/megacase.com\/fr\/wp-json\/wp\/v2\/product\/223619","targetHints":{"allow":["GET"]}}],"collection":[{"href":"https:\/\/megacase.com\/fr\/wp-json\/wp\/v2\/product"}],"about":[{"href":"https:\/\/megacase.com\/fr\/wp-json\/wp\/v2\/types\/product"}],"wp:featuredmedia":[{"embeddable":true,"href":"https:\/\/megacase.com\/fr\/wp-json\/wp\/v2\/media\/223612"}],"wp:attachment":[{"href":"https:\/\/megacase.com\/fr\/wp-json\/wp\/v2\/media?parent=223619"}],"wp:term":[{"taxonomy":"product_brand","embeddable":true,"href":"https:\/\/megacase.com\/fr\/wp-json\/wp\/v2\/product_brand?post=223619"},{"taxonomy":"product_cat","embeddable":true,"href":"https:\/\/megacase.com\/fr\/wp-json\/wp\/v2\/product_cat?post=223619"},{"taxonomy":"product_tag","embeddable":true,"href":"https:\/\/megacase.com\/fr\/wp-json\/wp\/v2\/product_tag?post=223619"}],"curies":[{"name":"wp","href":"https:\/\/api.w.org\/{rel}","templated":true}]}}