{"id":223559,"date":"2021-08-12T13:29:53","date_gmt":"2021-08-12T11:29:53","guid":{"rendered":"https:\/\/megacase.com\/product\/flightcase-rcf-l-pad-12cx\/"},"modified":"2026-03-26T13:16:39","modified_gmt":"2026-03-26T12:16:39","slug":"flightcase-rcf-l-pad-12cx","status":"publish","type":"product","link":"https:\/\/megacase.com\/fr\/produit\/flightcase-rcf-l-pad-12cx\/","title":{"rendered":"Flightcase RCF L-PAD 12cx"},"content":{"rendered":"<p>\u00c9tui de capot assorti pour RCF L-PAD 12cx<br \/>\n6,8 mm de r\u00e9sine ph\u00e9nolique multiplex de bouleau enrob\u00e9e<br \/>\nCouleur marron<br \/>\n22&#215;22 mm Alukante<br \/>\n4 papillon sbitus petit<br \/>\n1 grif en cuir<br \/>\n8 coins de la boule d&rsquo;acier petit<br \/>\n4 pieds en caoutchouc 38&#215;25 mm<br \/>\nL&rsquo;appareil peut \u00eatre utilis\u00e9 dans la partie inf\u00e9rieure<br \/>\nCanal de c\u00e2ble arri\u00e8re<br \/>\nRembourrage en mousse<br \/>\nFabriqu\u00e9 en Allemagne<br \/>\nDimensions ext\u00e9rieures LxPxH environ.: 396 x 670 x 176 mm<br \/>\nPoids env. 5,8 kg<\/p>\n","protected":false},"excerpt":{"rendered":"<p>\u00c9tui de capot assorti pour RCF L-PAD 12cx 6,8 mm de r\u00e9sine ph\u00e9nolique multiplex de bouleau enrob\u00e9e Couleur marron 22&#215;22<\/p>\n","protected":false},"featured_media":223532,"template":"","meta":{"_acf_changed":false},"product_brand":[],"product_cat":[13828],"product_tag":[],"class_list":{"0":"post-223559","1":"product","2":"type-product","3":"status-publish","4":"has-post-thumbnail","6":"product_cat-mischpult-cases-fr","8":"first","9":"instock","10":"taxable","11":"shipping-taxable","12":"purchasable","13":"product-type-simple"},"acf":[],"_links":{"self":[{"href":"https:\/\/megacase.com\/fr\/wp-json\/wp\/v2\/product\/223559","targetHints":{"allow":["GET"]}}],"collection":[{"href":"https:\/\/megacase.com\/fr\/wp-json\/wp\/v2\/product"}],"about":[{"href":"https:\/\/megacase.com\/fr\/wp-json\/wp\/v2\/types\/product"}],"wp:featuredmedia":[{"embeddable":true,"href":"https:\/\/megacase.com\/fr\/wp-json\/wp\/v2\/media\/223532"}],"wp:attachment":[{"href":"https:\/\/megacase.com\/fr\/wp-json\/wp\/v2\/media?parent=223559"}],"wp:term":[{"taxonomy":"product_brand","embeddable":true,"href":"https:\/\/megacase.com\/fr\/wp-json\/wp\/v2\/product_brand?post=223559"},{"taxonomy":"product_cat","embeddable":true,"href":"https:\/\/megacase.com\/fr\/wp-json\/wp\/v2\/product_cat?post=223559"},{"taxonomy":"product_tag","embeddable":true,"href":"https:\/\/megacase.com\/fr\/wp-json\/wp\/v2\/product_tag?post=223559"}],"curies":[{"name":"wp","href":"https:\/\/api.w.org\/{rel}","templated":true}]}}