{"id":223171,"date":"2021-08-05T15:46:38","date_gmt":"2021-08-05T13:46:38","guid":{"rendered":"https:\/\/megacase.com\/product\/27-imac-case-modell-2021\/"},"modified":"2026-03-26T13:18:29","modified_gmt":"2026-03-26T12:18:29","slug":"27-imac-case-modell-2021","status":"publish","type":"product","link":"https:\/\/megacase.com\/fr\/produit\/27-imac-case-modell-2021\/","title":{"rendered":"27&Prime; iMac Case Modell 2021"},"content":{"rendered":"<p>Coque assortie pour un mod\u00e8le Apple iMac 27&Prime; \u00e0 partir de 2021<br \/>\nEnduit de r\u00e9sine ph\u00e9nolique multiplex de bouleau de 6,8 mm<br \/>\nCouleur marron<br \/>\nBord en aluminium 30 x 30 mm<br \/>\n2 serrures papillon, moyennes<br \/>\n3 anses rabattables, moyennes<br \/>\n2 charni\u00e8res verrouillables<br \/>\n8 coins sph\u00e9riques moyens<br \/>\n2 pieds en caoutchouc 38 x 20 mm<br \/>\n2 roulettes d&rsquo;angle 48 mm<br \/>\n1 poign\u00e9e coulissante, 2 niveaux<br \/>\nRembourrage en mousse<br \/>\n2 compartiments rembourr\u00e9s 120 x 65 mm<br \/>\n1 compartiment capitonn\u00e9 150 x 200 mm<br \/>\nFabriqu\u00e9 en Allemagne<br \/>\nDimensions ext\u00e9rieures LxPxH environ : 920 x 300 x 613 mm<br \/>\nPoids environ : 19,9 kg<\/p>\n","protected":false},"excerpt":{"rendered":"<p>Coque assortie pour un mod\u00e8le Apple iMac 27&Prime; \u00e0 partir de 2021 Enduit de r\u00e9sine ph\u00e9nolique multiplex de bouleau de<\/p>\n","protected":false},"featured_media":223124,"template":"","meta":{"_acf_changed":false},"product_brand":[],"product_cat":[13690],"product_tag":[],"class_list":{"0":"post-223171","1":"product","2":"type-product","3":"status-publish","4":"has-post-thumbnail","6":"product_cat-display-monitor-fr","8":"first","9":"instock","10":"taxable","11":"shipping-taxable","12":"purchasable","13":"product-type-simple"},"acf":[],"_links":{"self":[{"href":"https:\/\/megacase.com\/fr\/wp-json\/wp\/v2\/product\/223171","targetHints":{"allow":["GET"]}}],"collection":[{"href":"https:\/\/megacase.com\/fr\/wp-json\/wp\/v2\/product"}],"about":[{"href":"https:\/\/megacase.com\/fr\/wp-json\/wp\/v2\/types\/product"}],"wp:featuredmedia":[{"embeddable":true,"href":"https:\/\/megacase.com\/fr\/wp-json\/wp\/v2\/media\/223124"}],"wp:attachment":[{"href":"https:\/\/megacase.com\/fr\/wp-json\/wp\/v2\/media?parent=223171"}],"wp:term":[{"taxonomy":"product_brand","embeddable":true,"href":"https:\/\/megacase.com\/fr\/wp-json\/wp\/v2\/product_brand?post=223171"},{"taxonomy":"product_cat","embeddable":true,"href":"https:\/\/megacase.com\/fr\/wp-json\/wp\/v2\/product_cat?post=223171"},{"taxonomy":"product_tag","embeddable":true,"href":"https:\/\/megacase.com\/fr\/wp-json\/wp\/v2\/product_tag?post=223171"}],"curies":[{"name":"wp","href":"https:\/\/api.w.org\/{rel}","templated":true}]}}