{"id":223097,"date":"2021-08-05T15:30:19","date_gmt":"2021-08-05T13:30:19","guid":{"rendered":"https:\/\/megacase.com\/product\/case-4x-varytec-color-sonicstrobe\/"},"modified":"2026-03-26T13:18:30","modified_gmt":"2026-03-26T12:18:30","slug":"case-4x-varytec-color-sonicstrobe","status":"publish","type":"product","link":"https:\/\/megacase.com\/fr\/produit\/case-4x-varytec-color-sonicstrobe\/","title":{"rendered":"Case 4x Varytec Color SonicStrobe"},"content":{"rendered":"<p>Valise de transport adapt\u00e9e pour 4 Varytec Color SonicStrobe<br \/>\nEnduit de r\u00e9sine ph\u00e9nolique multiplex de bouleau de 6,8 mm<br \/>\nCouleur : marron, bord aluminium 30 x 30 mm<br \/>\n2 serrures papillon, moyennes<br \/>\n4 poign\u00e9es rabattables m\u00e9dium<br \/>\n2 charni\u00e8res verrouillables<br \/>\n8 coins sph\u00e9riques moyens<br \/>\n4 roulettes pivotantes dont 2 frein\u00e9es<br \/>\n4 compartiments rembourr\u00e9s adapt\u00e9s au Varytec Color SonicStrobe<br \/>\nun compartiment accessoires non rembourr\u00e9 de 150 mm de large<br \/>\nFabriqu\u00e9 en Allemagne<br \/>\nDimensions ext\u00e9rieures LxPxH environ : 710 x 553 x 470 mm<br \/>\nPoids approx.: 22,8 kg<\/p>\n","protected":false},"excerpt":{"rendered":"<p>Valise de transport adapt\u00e9e pour 4 Varytec Color SonicStrobe Enduit de r\u00e9sine ph\u00e9nolique multiplex de bouleau de 6,8 mm Couleur<\/p>\n","protected":false},"featured_media":223062,"template":"","meta":{"_acf_changed":false},"product_brand":[],"product_cat":[15423],"product_tag":[],"class_list":{"0":"post-223097","1":"product","2":"type-product","3":"status-publish","4":"has-post-thumbnail","6":"product_cat-light-equipment-case-utilisation","8":"first","9":"instock","10":"taxable","11":"shipping-taxable","12":"purchasable","13":"product-type-simple"},"acf":[],"_links":{"self":[{"href":"https:\/\/megacase.com\/fr\/wp-json\/wp\/v2\/product\/223097","targetHints":{"allow":["GET"]}}],"collection":[{"href":"https:\/\/megacase.com\/fr\/wp-json\/wp\/v2\/product"}],"about":[{"href":"https:\/\/megacase.com\/fr\/wp-json\/wp\/v2\/types\/product"}],"wp:featuredmedia":[{"embeddable":true,"href":"https:\/\/megacase.com\/fr\/wp-json\/wp\/v2\/media\/223062"}],"wp:attachment":[{"href":"https:\/\/megacase.com\/fr\/wp-json\/wp\/v2\/media?parent=223097"}],"wp:term":[{"taxonomy":"product_brand","embeddable":true,"href":"https:\/\/megacase.com\/fr\/wp-json\/wp\/v2\/product_brand?post=223097"},{"taxonomy":"product_cat","embeddable":true,"href":"https:\/\/megacase.com\/fr\/wp-json\/wp\/v2\/product_cat?post=223097"},{"taxonomy":"product_tag","embeddable":true,"href":"https:\/\/megacase.com\/fr\/wp-json\/wp\/v2\/product_tag?post=223097"}],"curies":[{"name":"wp","href":"https:\/\/api.w.org\/{rel}","templated":true}]}}