{"id":223006,"date":"2021-08-04T13:21:10","date_gmt":"2021-08-04T11:21:10","guid":{"rendered":"https:\/\/megacase.com\/product\/case-8x-cameo-flat-pro-7-g2\/"},"modified":"2026-03-26T13:18:30","modified_gmt":"2026-03-26T12:18:30","slug":"case-8x-cameo-flat-pro-7-g2","status":"publish","type":"product","link":"https:\/\/megacase.com\/fr\/produit\/case-8x-cameo-flat-pro-7-g2\/","title":{"rendered":"Case 8x Cameo Flat Pro 7 G2"},"content":{"rendered":"<p>\u00c9tui de poitrine appropri\u00e9 pour 8 Cameo Flat Pro 7 G2<br \/>\nCaisse en taille camion 120&#215;60<br \/>\nEnduit de PVC multiplex de bouleau de 9 mm<br \/>\nCouleur : noir Ral 9004<br \/>\nBordure en aluminium 30\/30<br \/>\n2 serrures papillon moyennes<br \/>\n8 poign\u00e9es rabattables m\u00e9dium<br \/>\n2 couvercles restent dans le plateau avec clic moyen<br \/>\nCharni\u00e8re 6 trous<br \/>\n8 coins boule grand<br \/>\n4 \u00e9videment de roue mont\u00e9 dans le couvercle<br \/>\n4 roulettes pivotantes dont 2 frein\u00e9es<br \/>\ncompartiment \u00e0 accessoires rembourr\u00e9 \u00e0 droite<br \/>\nRembourrage en mousse<br \/>\nFabriqu\u00e9 en Allemagne<br \/>\nDimensions ext\u00e9rieures LxPxH environ : 11995 x 594 x 495 mm<br \/>\nPoids approx.: 31,7 kg<\/p>\n","protected":false},"excerpt":{"rendered":"<p>\u00c9tui de poitrine appropri\u00e9 pour 8 Cameo Flat Pro 7 G2 Caisse en taille camion 120&#215;60 Enduit de PVC multiplex<\/p>\n","protected":false},"featured_media":222971,"template":"","meta":{"_acf_changed":false},"product_brand":[],"product_cat":[15423],"product_tag":[],"class_list":{"0":"post-223006","1":"product","2":"type-product","3":"status-publish","4":"has-post-thumbnail","6":"product_cat-light-equipment-case-utilisation","8":"first","9":"instock","10":"taxable","11":"shipping-taxable","12":"purchasable","13":"product-type-simple"},"acf":[],"_links":{"self":[{"href":"https:\/\/megacase.com\/fr\/wp-json\/wp\/v2\/product\/223006","targetHints":{"allow":["GET"]}}],"collection":[{"href":"https:\/\/megacase.com\/fr\/wp-json\/wp\/v2\/product"}],"about":[{"href":"https:\/\/megacase.com\/fr\/wp-json\/wp\/v2\/types\/product"}],"wp:featuredmedia":[{"embeddable":true,"href":"https:\/\/megacase.com\/fr\/wp-json\/wp\/v2\/media\/222971"}],"wp:attachment":[{"href":"https:\/\/megacase.com\/fr\/wp-json\/wp\/v2\/media?parent=223006"}],"wp:term":[{"taxonomy":"product_brand","embeddable":true,"href":"https:\/\/megacase.com\/fr\/wp-json\/wp\/v2\/product_brand?post=223006"},{"taxonomy":"product_cat","embeddable":true,"href":"https:\/\/megacase.com\/fr\/wp-json\/wp\/v2\/product_cat?post=223006"},{"taxonomy":"product_tag","embeddable":true,"href":"https:\/\/megacase.com\/fr\/wp-json\/wp\/v2\/product_tag?post=223006"}],"curies":[{"name":"wp","href":"https:\/\/api.w.org\/{rel}","templated":true}]}}