{"id":222961,"date":"2021-08-04T13:00:51","date_gmt":"2021-08-04T11:00:51","guid":{"rendered":"https:\/\/megacase.com\/product\/flightcase-blackmagic-design-panel\/"},"modified":"2026-03-26T13:18:31","modified_gmt":"2026-03-26T12:18:31","slug":"flightcase-blackmagic-design-panel","status":"publish","type":"product","link":"https:\/\/megacase.com\/fr\/produit\/flightcase-blackmagic-design-panel\/","title":{"rendered":"Flightcase Blackmagic Design Panel"},"content":{"rendered":"<p>adapt\u00e9 pour Blackhmagic : DaVinci Resolve Mini Panel, Camera Control Panel ,Design Atem 1 M\/E Advanced Panel<br \/>\nEnduit PVC multiplex bouleau 6,8 mm<br \/>\nCouleur : noir Ral 9004<br \/>\nBord en aluminium 30&#215;30 mm<br \/>\n2 serrures papillon moyennes<br \/>\n1 poign\u00e9e en cuir<br \/>\nCoin 4 boules moyen<br \/>\n4 coins sph\u00e9riques avec support de coin en L int\u00e9gr\u00e9<br \/>\nRembourrage en mousse<br \/>\n4 pieds en caoutchouc 38&#215;20 mm<br \/>\n2 vis 1\/4&Prime; pour fixer l&rsquo;appareil \u00e0 la partie inf\u00e9rieure<br \/>\nPasse-c\u00e2bles derri\u00e8re l&rsquo;appareil<br \/>\nL&rsquo;appareil peut \u00eatre utilis\u00e9 dans la partie inf\u00e9rieure<br \/>\nFabriqu\u00e9 en Allemagne<br \/>\nDimensions ext\u00e9rieures LxPxH environ : 497 x 540 x 245 mm<br \/>\nPoids : 7,7 kg<\/p>\n","protected":false},"excerpt":{"rendered":"<p>adapt\u00e9 pour Blackhmagic : DaVinci Resolve Mini Panel, Camera Control Panel ,Design Atem 1 M\/E Advanced Panel Enduit PVC multiplex<\/p>\n","protected":false},"featured_media":222946,"template":"","meta":{"_acf_changed":false},"product_brand":[],"product_cat":[16064],"product_tag":[],"class_list":{"0":"post-222961","1":"product","2":"type-product","3":"status-publish","4":"has-post-thumbnail","6":"product_cat-cases-for-video-equipment-fr","8":"first","9":"instock","10":"taxable","11":"shipping-taxable","12":"purchasable","13":"product-type-simple"},"acf":[],"_links":{"self":[{"href":"https:\/\/megacase.com\/fr\/wp-json\/wp\/v2\/product\/222961","targetHints":{"allow":["GET"]}}],"collection":[{"href":"https:\/\/megacase.com\/fr\/wp-json\/wp\/v2\/product"}],"about":[{"href":"https:\/\/megacase.com\/fr\/wp-json\/wp\/v2\/types\/product"}],"wp:featuredmedia":[{"embeddable":true,"href":"https:\/\/megacase.com\/fr\/wp-json\/wp\/v2\/media\/222946"}],"wp:attachment":[{"href":"https:\/\/megacase.com\/fr\/wp-json\/wp\/v2\/media?parent=222961"}],"wp:term":[{"taxonomy":"product_brand","embeddable":true,"href":"https:\/\/megacase.com\/fr\/wp-json\/wp\/v2\/product_brand?post=222961"},{"taxonomy":"product_cat","embeddable":true,"href":"https:\/\/megacase.com\/fr\/wp-json\/wp\/v2\/product_cat?post=222961"},{"taxonomy":"product_tag","embeddable":true,"href":"https:\/\/megacase.com\/fr\/wp-json\/wp\/v2\/product_tag?post=222961"}],"curies":[{"name":"wp","href":"https:\/\/api.w.org\/{rel}","templated":true}]}}