{"id":222856,"date":"2021-08-04T12:48:12","date_gmt":"2021-08-04T10:48:12","guid":{"rendered":"https:\/\/megacase.com\/product\/case-blackmagic-davinci-resolve-speed-editor\/"},"modified":"2026-03-26T13:18:31","modified_gmt":"2026-03-26T12:18:31","slug":"case-blackmagic-davinci-resolve-speed-editor","status":"publish","type":"product","link":"https:\/\/megacase.com\/fr\/produit\/case-blackmagic-davinci-resolve-speed-editor\/","title":{"rendered":"Case Blackmagic DaVinci Resolve Speed Editor"},"content":{"rendered":"<p>Housse de capot pour Blackmagic DaVinci Resolve Speed \u200b\u200bEditor<br \/>\n6,5 mm bouleau multiplex rev\u00eatu PVC<br \/>\nLa couleur noire<br \/>\nBord en aluminium 22 x 22 mm<br \/>\n2 mini cadenas papillon<br \/>\n1 poign\u00e9e de valise<br \/>\n8 petits coins boules en acier<br \/>\n4 pieds en caoutchouc 25 x 15 mm<br \/>\nRembourrage en mousse dans le couvercle et le fond<br \/>\ny compris un espace de 90 mm derri\u00e8re l&rsquo;appareil<br \/>\nLes connexions sont librement accessibles<br \/>\nL&rsquo;appareil peut \u00eatre utilis\u00e9 dans la partie inf\u00e9rieure<br \/>\nFabriqu\u00e9 en Allemagne<br \/>\nDimensions ext\u00e9rieures LxPxH environ : 310 x 300 x 135 mm<br \/>\nPoids environ 2,7 kg<\/p>\n","protected":false},"excerpt":{"rendered":"<p>Housse de capot pour Blackmagic DaVinci Resolve Speed \u200b\u200bEditor 6,5 mm bouleau multiplex rev\u00eatu PVC La couleur noire Bord en<\/p>\n","protected":false},"featured_media":222805,"template":"","meta":{"_acf_changed":false},"product_brand":[],"product_cat":[16064],"product_tag":[],"class_list":{"0":"post-222856","1":"product","2":"type-product","3":"status-publish","4":"has-post-thumbnail","6":"product_cat-cases-for-video-equipment-fr","8":"first","9":"instock","10":"taxable","11":"shipping-taxable","12":"purchasable","13":"product-type-simple"},"acf":[],"_links":{"self":[{"href":"https:\/\/megacase.com\/fr\/wp-json\/wp\/v2\/product\/222856","targetHints":{"allow":["GET"]}}],"collection":[{"href":"https:\/\/megacase.com\/fr\/wp-json\/wp\/v2\/product"}],"about":[{"href":"https:\/\/megacase.com\/fr\/wp-json\/wp\/v2\/types\/product"}],"wp:featuredmedia":[{"embeddable":true,"href":"https:\/\/megacase.com\/fr\/wp-json\/wp\/v2\/media\/222805"}],"wp:attachment":[{"href":"https:\/\/megacase.com\/fr\/wp-json\/wp\/v2\/media?parent=222856"}],"wp:term":[{"taxonomy":"product_brand","embeddable":true,"href":"https:\/\/megacase.com\/fr\/wp-json\/wp\/v2\/product_brand?post=222856"},{"taxonomy":"product_cat","embeddable":true,"href":"https:\/\/megacase.com\/fr\/wp-json\/wp\/v2\/product_cat?post=222856"},{"taxonomy":"product_tag","embeddable":true,"href":"https:\/\/megacase.com\/fr\/wp-json\/wp\/v2\/product_tag?post=222856"}],"curies":[{"name":"wp","href":"https:\/\/api.w.org\/{rel}","templated":true}]}}