{"id":222790,"date":"2021-08-04T12:14:04","date_gmt":"2021-08-04T10:14:04","guid":{"rendered":"https:\/\/megacase.com\/product\/case-blackmagic-davinci-resolve-micro-panel\/"},"modified":"2026-03-26T13:18:31","modified_gmt":"2026-03-26T12:18:31","slug":"case-blackmagic-davinci-resolve-micro-panel","status":"publish","type":"product","link":"https:\/\/megacase.com\/fr\/produit\/case-blackmagic-davinci-resolve-micro-panel\/","title":{"rendered":"Case Blackmagic DaVinci Resolve Micro Panel"},"content":{"rendered":"<p>Bo\u00eetier de capot assorti pour un Blackmagic DaVinci Resolve Micro Panel<br \/>\nEnduit PVC multiplex bouleau 6,8 mm<br \/>\nCouleur : noir Ral 9004<br \/>\nBord en aluminium 22&#215;22 mm<br \/>\n2 serrures papillon mini<br \/>\n1 poign\u00e9e de valise<br \/>\n4 petits coins sph\u00e9riques<br \/>\n4 coins sph\u00e9riques avec petit coin en L int\u00e9gr\u00e9<br \/>\nRembourrage en mousse<br \/>\n4 pieds en caoutchouc 38&#215;10 mm<br \/>\nPasse-c\u00e2bles derri\u00e8re l&rsquo;appareil<br \/>\nL&rsquo;appareil peut \u00eatre utilis\u00e9 dans la partie inf\u00e9rieure<br \/>\nFabriqu\u00e9 en Allemagne<br \/>\nDimensions ext\u00e9rieures environ 488 x 410 x 152 mm LxPxH<br \/>\nPoids environ 5,2 kg<\/p>\n","protected":false},"excerpt":{"rendered":"<p>Bo\u00eetier de capot assorti pour un Blackmagic DaVinci Resolve Micro Panel Enduit PVC multiplex bouleau 6,8 mm Couleur : noir<\/p>\n","protected":false},"featured_media":222782,"template":"","meta":{"_acf_changed":false},"product_brand":[],"product_cat":[16064],"product_tag":[],"class_list":{"0":"post-222790","1":"product","2":"type-product","3":"status-publish","4":"has-post-thumbnail","6":"product_cat-cases-for-video-equipment-fr","8":"first","9":"instock","10":"taxable","11":"shipping-taxable","12":"purchasable","13":"product-type-simple"},"acf":[],"_links":{"self":[{"href":"https:\/\/megacase.com\/fr\/wp-json\/wp\/v2\/product\/222790","targetHints":{"allow":["GET"]}}],"collection":[{"href":"https:\/\/megacase.com\/fr\/wp-json\/wp\/v2\/product"}],"about":[{"href":"https:\/\/megacase.com\/fr\/wp-json\/wp\/v2\/types\/product"}],"wp:featuredmedia":[{"embeddable":true,"href":"https:\/\/megacase.com\/fr\/wp-json\/wp\/v2\/media\/222782"}],"wp:attachment":[{"href":"https:\/\/megacase.com\/fr\/wp-json\/wp\/v2\/media?parent=222790"}],"wp:term":[{"taxonomy":"product_brand","embeddable":true,"href":"https:\/\/megacase.com\/fr\/wp-json\/wp\/v2\/product_brand?post=222790"},{"taxonomy":"product_cat","embeddable":true,"href":"https:\/\/megacase.com\/fr\/wp-json\/wp\/v2\/product_cat?post=222790"},{"taxonomy":"product_tag","embeddable":true,"href":"https:\/\/megacase.com\/fr\/wp-json\/wp\/v2\/product_tag?post=222790"}],"curies":[{"name":"wp","href":"https:\/\/api.w.org\/{rel}","templated":true}]}}