{"id":222717,"date":"2021-06-11T12:03:09","date_gmt":"2021-06-11T10:03:09","guid":{"rendered":"https:\/\/megacase.com\/product\/flightcase-optoma-zu-720tst\/"},"modified":"2026-03-26T13:09:12","modified_gmt":"2026-03-26T12:09:12","slug":"flightcase-optoma-zu-720tst","status":"publish","type":"product","link":"https:\/\/megacase.com\/fr\/produit\/flightcase-optoma-zu-720tst\/","title":{"rendered":"Flightcase Optoma ZU 720TST"},"content":{"rendered":"<p>Flight-case assorti pour un projecteur Optoma ZU720TST comprenant un compartiment \u00e0 accessoires rembourr\u00e9 de 150 mm de large sur la droite<br \/>\nContreplaqu\u00e9 de bouleau de 6,8 mm recouvert de r\u00e9sine ph\u00e9nolique<br \/>\nCouleur marron<br \/>\nBord en aluminium 25 x 25 mm<br \/>\n2 serrures papillon, moyennes<br \/>\n3 anses rabattables, moyennes<br \/>\n8 coins sph\u00e9riques en acier, moyen<br \/>\nCompartiment accessoires de 15 cm de large \u00e0 droite<br \/>\nRembourrage en mousse<br \/>\nFabriqu\u00e9 en Allemagne<br \/>\nDimensions ext\u00e9rieures LxPxH env. : 780 x 485 x 285 mm<br \/>\nPoids env. : 11 kg<\/p>\n","protected":false},"excerpt":{"rendered":"<p>passendes Flightcase f\u00fcr ein Optoma ZU720TST Beamer inkl. einem gepolsterten 150mm breiten Zubeh\u00f6rfach rechts | hergestellt in Deutschland<\/p>\n","protected":false},"featured_media":222702,"template":"","meta":{"_acf_changed":false},"product_brand":[],"product_cat":[15967],"product_tag":[],"class_list":{"0":"post-222717","1":"product","2":"type-product","3":"status-publish","4":"has-post-thumbnail","6":"product_cat-beamercase-utilisation","8":"first","9":"instock","10":"taxable","11":"shipping-taxable","12":"purchasable","13":"product-type-simple"},"acf":[],"_links":{"self":[{"href":"https:\/\/megacase.com\/fr\/wp-json\/wp\/v2\/product\/222717","targetHints":{"allow":["GET"]}}],"collection":[{"href":"https:\/\/megacase.com\/fr\/wp-json\/wp\/v2\/product"}],"about":[{"href":"https:\/\/megacase.com\/fr\/wp-json\/wp\/v2\/types\/product"}],"wp:featuredmedia":[{"embeddable":true,"href":"https:\/\/megacase.com\/fr\/wp-json\/wp\/v2\/media\/222702"}],"wp:attachment":[{"href":"https:\/\/megacase.com\/fr\/wp-json\/wp\/v2\/media?parent=222717"}],"wp:term":[{"taxonomy":"product_brand","embeddable":true,"href":"https:\/\/megacase.com\/fr\/wp-json\/wp\/v2\/product_brand?post=222717"},{"taxonomy":"product_cat","embeddable":true,"href":"https:\/\/megacase.com\/fr\/wp-json\/wp\/v2\/product_cat?post=222717"},{"taxonomy":"product_tag","embeddable":true,"href":"https:\/\/megacase.com\/fr\/wp-json\/wp\/v2\/product_tag?post=222717"}],"curies":[{"name":"wp","href":"https:\/\/api.w.org\/{rel}","templated":true}]}}