{"id":222600,"date":"2021-08-04T11:37:58","date_gmt":"2021-08-04T09:37:58","guid":{"rendered":"https:\/\/megacase.com\/product\/case-chauvet-intimidator-spot-475z\/"},"modified":"2026-03-26T13:18:32","modified_gmt":"2026-03-26T12:18:32","slug":"case-chauvet-intimidator-spot-475z","status":"publish","type":"product","link":"https:\/\/megacase.com\/fr\/produit\/case-chauvet-intimidator-spot-475z\/","title":{"rendered":"Case Chauvet Intimidator Spot 475z"},"content":{"rendered":"<p>Coffre professionnel pour 4 Chauvet Intimidator Spot 475z<br \/>\nEnduit de r\u00e9sine ph\u00e9nolique multiplex de bouleau de 9 mm<br \/>\nCouleur marron<br \/>\nBord en aluminium : 30x 30<br \/>\nProfil de cl\u00f4ture : hybride<br \/>\nFermeture : 2x papillon moyen<br \/>\nPoign\u00e9e : 8x poign\u00e9es pliantes, moyennes<br \/>\nCoins : 8x grands coins sph\u00e9riques<br \/>\nCharni\u00e8re : 2x charni\u00e8re de couvercle en coque avec clic<br \/>\nCharni\u00e8re: 5x pi\u00e8ce de charni\u00e8re<br \/>\nRembourrage en mousse<br \/>\n4 \u00e9videments de roues<br \/>\n4 roulettes pivotantes dont 2 frein\u00e9es<br \/>\ncompartiment central pour accessoires de 15 cm de large<br \/>\nFabriqu\u00e9 en Allemagne<br \/>\nDimensions ext\u00e9rieures LxPxH environ : 1085 x 660 x 800 mm<br \/>\nPoids approx.: 48,3 kg<\/p>\n","protected":false},"excerpt":{"rendered":"<p>Coffre professionnel pour 4 Chauvet Intimidator Spot 475z Enduit de r\u00e9sine ph\u00e9nolique multiplex de bouleau de 9 mm Couleur marron<\/p>\n","protected":false},"featured_media":222588,"template":"","meta":{"_acf_changed":false},"product_brand":[],"product_cat":[15423],"product_tag":[],"class_list":{"0":"post-222600","1":"product","2":"type-product","3":"status-publish","4":"has-post-thumbnail","6":"product_cat-light-equipment-case-utilisation","8":"first","9":"instock","10":"taxable","11":"shipping-taxable","12":"purchasable","13":"product-type-simple"},"acf":[],"_links":{"self":[{"href":"https:\/\/megacase.com\/fr\/wp-json\/wp\/v2\/product\/222600","targetHints":{"allow":["GET"]}}],"collection":[{"href":"https:\/\/megacase.com\/fr\/wp-json\/wp\/v2\/product"}],"about":[{"href":"https:\/\/megacase.com\/fr\/wp-json\/wp\/v2\/types\/product"}],"wp:featuredmedia":[{"embeddable":true,"href":"https:\/\/megacase.com\/fr\/wp-json\/wp\/v2\/media\/222588"}],"wp:attachment":[{"href":"https:\/\/megacase.com\/fr\/wp-json\/wp\/v2\/media?parent=222600"}],"wp:term":[{"taxonomy":"product_brand","embeddable":true,"href":"https:\/\/megacase.com\/fr\/wp-json\/wp\/v2\/product_brand?post=222600"},{"taxonomy":"product_cat","embeddable":true,"href":"https:\/\/megacase.com\/fr\/wp-json\/wp\/v2\/product_cat?post=222600"},{"taxonomy":"product_tag","embeddable":true,"href":"https:\/\/megacase.com\/fr\/wp-json\/wp\/v2\/product_tag?post=222600"}],"curies":[{"name":"wp","href":"https:\/\/api.w.org\/{rel}","templated":true}]}}