{"id":222513,"date":"2021-08-04T10:43:05","date_gmt":"2021-08-04T08:43:05","guid":{"rendered":"https:\/\/megacase.com\/product\/flightcase-obsidian-nx-wing\/"},"modified":"2026-03-26T13:18:33","modified_gmt":"2026-03-26T12:18:33","slug":"flightcase-obsidian-nx-wing","status":"publish","type":"product","link":"https:\/\/megacase.com\/fr\/produit\/flightcase-obsidian-nx-wing\/","title":{"rendered":"Flightcase Obsidian NX Wing"},"content":{"rendered":"<p>Housse de capot assortie pour une aile Obsidian NX<br \/>\nen bouleau multiplex de 6,8 mm rev\u00eatu de PVC<br \/>\nLa couleur noire<br \/>\nBord en aluminium 30 x 30 mm<br \/>\n4 serrures papillon moyennes<br \/>\n3 anses rabattables m\u00e9dium<br \/>\n8 coins sph\u00e9riques moyens<br \/>\n4 pieds en caoutchouc 38 x 20 mm<br \/>\nPasse-c\u00e2bles de 130 mm de profondeur \u00e0 l&rsquo;arri\u00e8re<br \/>\ntoutes les connexions librement accessibles<br \/>\navec un pont de moniteur comprenant un trou Vesa<br \/>\ndimensions max. pour le moniteur : 540 x 320 x 50 mm<br \/>\nTrous pour le passage des c\u00e2bles dans le pont du moniteur<br \/>\nRembourrage en mousse adapt\u00e9 \u00e0 Obsidian NX Wing<br \/>\nFabriqu\u00e9 en Allemagne<br \/>\nDimensions ext\u00e9rieures LxPxH environ : 635 x 535 x 291 mm<br \/>\nPoids environ : 14,9 kg<\/p>\n","protected":false},"excerpt":{"rendered":"<p>Housse de capot assortie pour une aile Obsidian NX en bouleau multiplex de 6,8 mm rev\u00eatu de PVC La couleur<\/p>\n","protected":false},"featured_media":222438,"template":"","meta":{"_acf_changed":false},"product_brand":[],"product_cat":[13828],"product_tag":[],"class_list":{"0":"post-222513","1":"product","2":"type-product","3":"status-publish","4":"has-post-thumbnail","6":"product_cat-mischpult-cases-fr","8":"first","9":"instock","10":"taxable","11":"shipping-taxable","12":"purchasable","13":"product-type-simple"},"acf":[],"_links":{"self":[{"href":"https:\/\/megacase.com\/fr\/wp-json\/wp\/v2\/product\/222513","targetHints":{"allow":["GET"]}}],"collection":[{"href":"https:\/\/megacase.com\/fr\/wp-json\/wp\/v2\/product"}],"about":[{"href":"https:\/\/megacase.com\/fr\/wp-json\/wp\/v2\/types\/product"}],"wp:featuredmedia":[{"embeddable":true,"href":"https:\/\/megacase.com\/fr\/wp-json\/wp\/v2\/media\/222438"}],"wp:attachment":[{"href":"https:\/\/megacase.com\/fr\/wp-json\/wp\/v2\/media?parent=222513"}],"wp:term":[{"taxonomy":"product_brand","embeddable":true,"href":"https:\/\/megacase.com\/fr\/wp-json\/wp\/v2\/product_brand?post=222513"},{"taxonomy":"product_cat","embeddable":true,"href":"https:\/\/megacase.com\/fr\/wp-json\/wp\/v2\/product_cat?post=222513"},{"taxonomy":"product_tag","embeddable":true,"href":"https:\/\/megacase.com\/fr\/wp-json\/wp\/v2\/product_tag?post=222513"}],"curies":[{"name":"wp","href":"https:\/\/api.w.org\/{rel}","templated":true}]}}