{"id":222392,"date":"2021-08-04T09:56:53","date_gmt":"2021-08-04T07:56:53","guid":{"rendered":"https:\/\/megacase.com\/product\/studio-rack-16u-backdoor-beech-2\/"},"modified":"2026-03-26T13:18:34","modified_gmt":"2026-03-26T12:18:34","slug":"studio-rack-18u-backdoor-beech","status":"publish","type":"product","link":"https:\/\/megacase.com\/fr\/produit\/studio-rack-18u-backdoor-beech\/","title":{"rendered":"Studio Rack 18U backdoor beech"},"content":{"rendered":"<p>Une porte verrouillable pour l&rsquo;arri\u00e8re d&rsquo;un meuble de studio 18U rack 50<br \/>\nMat\u00e9riau : panneau de meuble m\u00e9lamin\u00e9<br \/>\nCouleur : h\u00eatre<br \/>\n\u00c9paisseur de la plaque : 19 mm<br \/>\nContenu de la livraison :<br \/>\n1 vantail de porte<br \/>\n2 charni\u00e8res de porte mont\u00e9es<br \/>\n1 serrure avec 2 cl\u00e9s install\u00e9es<br \/>\n1 g\u00e2che \u00e0 monter soi-m\u00eame<br \/>\nVis de fixation pour montage sur rack<br \/>\nFabriqu\u00e9 en Allemagne<\/p>\n","protected":false},"excerpt":{"rendered":"<p>Une porte verrouillable pour l&rsquo;arri\u00e8re d&rsquo;un meuble de studio 18U rack 50 Mat\u00e9riau : panneau de meuble m\u00e9lamin\u00e9 Couleur :<\/p>\n","protected":false},"featured_media":222389,"template":"","meta":{"_acf_changed":false},"product_brand":[],"product_cat":[15446],"product_tag":[],"class_list":{"0":"post-222392","1":"product","2":"type-product","3":"status-publish","4":"has-post-thumbnail","6":"product_cat-studio-equipment-utilisation","8":"first","9":"instock","10":"taxable","11":"shipping-taxable","12":"purchasable","13":"product-type-simple"},"acf":[],"_links":{"self":[{"href":"https:\/\/megacase.com\/fr\/wp-json\/wp\/v2\/product\/222392","targetHints":{"allow":["GET"]}}],"collection":[{"href":"https:\/\/megacase.com\/fr\/wp-json\/wp\/v2\/product"}],"about":[{"href":"https:\/\/megacase.com\/fr\/wp-json\/wp\/v2\/types\/product"}],"wp:featuredmedia":[{"embeddable":true,"href":"https:\/\/megacase.com\/fr\/wp-json\/wp\/v2\/media\/222389"}],"wp:attachment":[{"href":"https:\/\/megacase.com\/fr\/wp-json\/wp\/v2\/media?parent=222392"}],"wp:term":[{"taxonomy":"product_brand","embeddable":true,"href":"https:\/\/megacase.com\/fr\/wp-json\/wp\/v2\/product_brand?post=222392"},{"taxonomy":"product_cat","embeddable":true,"href":"https:\/\/megacase.com\/fr\/wp-json\/wp\/v2\/product_cat?post=222392"},{"taxonomy":"product_tag","embeddable":true,"href":"https:\/\/megacase.com\/fr\/wp-json\/wp\/v2\/product_tag?post=222392"}],"curies":[{"name":"wp","href":"https:\/\/api.w.org\/{rel}","templated":true}]}}