{"id":222277,"date":"2021-08-03T16:17:23","date_gmt":"2021-08-03T14:17:23","guid":{"rendered":"https:\/\/megacase.com\/product\/studio-rack-10u-backdoor-beech\/"},"modified":"2026-03-26T13:18:36","modified_gmt":"2026-03-26T12:18:36","slug":"studio-rack-10u-backdoor-beech","status":"publish","type":"product","link":"https:\/\/megacase.com\/fr\/produit\/studio-rack-10u-backdoor-beech\/","title":{"rendered":"Studio Rack 10U backdoor beech"},"content":{"rendered":"<p>Une porte verrouillable pour le dos d&rsquo;un meuble de studio 10 U \u00e9tag\u00e8re 50<br \/>\nMat\u00e9riau : panneau de meuble m\u00e9lamin\u00e9<br \/>\nCouleur : h\u00eatre<br \/>\n\u00c9paisseur de la plaque : 19 mm<br \/>\nContenu de la livraison :<br \/>\n1 vantail de porte<br \/>\n2 charni\u00e8res de porte mont\u00e9es<br \/>\n1 serrure avec 2 cl\u00e9s install\u00e9es<br \/>\n1 g\u00e2che \u00e0 monter soi-m\u00eame<br \/>\nVis de fixation pour montage sur rack<br \/>\nFabriqu\u00e9 en Allemagne<\/p>\n","protected":false},"excerpt":{"rendered":"<p>Une porte verrouillable pour le dos d&rsquo;un meuble de studio 10 U \u00e9tag\u00e8re 50 Mat\u00e9riau : panneau de meuble m\u00e9lamin\u00e9<\/p>\n","protected":false},"featured_media":222270,"template":"","meta":{"_acf_changed":false},"product_brand":[],"product_cat":[15446],"product_tag":[],"class_list":{"0":"post-222277","1":"product","2":"type-product","3":"status-publish","4":"has-post-thumbnail","6":"product_cat-studio-equipment-utilisation","8":"first","9":"instock","10":"taxable","11":"shipping-taxable","12":"purchasable","13":"product-type-simple"},"acf":[],"_links":{"self":[{"href":"https:\/\/megacase.com\/fr\/wp-json\/wp\/v2\/product\/222277","targetHints":{"allow":["GET"]}}],"collection":[{"href":"https:\/\/megacase.com\/fr\/wp-json\/wp\/v2\/product"}],"about":[{"href":"https:\/\/megacase.com\/fr\/wp-json\/wp\/v2\/types\/product"}],"wp:featuredmedia":[{"embeddable":true,"href":"https:\/\/megacase.com\/fr\/wp-json\/wp\/v2\/media\/222270"}],"wp:attachment":[{"href":"https:\/\/megacase.com\/fr\/wp-json\/wp\/v2\/media?parent=222277"}],"wp:term":[{"taxonomy":"product_brand","embeddable":true,"href":"https:\/\/megacase.com\/fr\/wp-json\/wp\/v2\/product_brand?post=222277"},{"taxonomy":"product_cat","embeddable":true,"href":"https:\/\/megacase.com\/fr\/wp-json\/wp\/v2\/product_cat?post=222277"},{"taxonomy":"product_tag","embeddable":true,"href":"https:\/\/megacase.com\/fr\/wp-json\/wp\/v2\/product_tag?post=222277"}],"curies":[{"name":"wp","href":"https:\/\/api.w.org\/{rel}","templated":true}]}}