{"id":222239,"date":"2021-08-03T15:49:55","date_gmt":"2021-08-03T13:49:55","guid":{"rendered":"https:\/\/megacase.com\/?post_type=product&#038;p=222239"},"modified":"2026-03-26T13:18:36","modified_gmt":"2026-03-26T12:18:36","slug":"studio-rack-20u-50-maple","status":"publish","type":"product","link":"https:\/\/megacase.com\/fr\/produit\/studio-rack-20u-50-maple\/","title":{"rendered":"Studio Rack 20U 50 maple"},"content":{"rendered":"<p>Studio Furniture Rack 20 unit<br \/>\nKit pour l&rsquo;auto-assemblage<br \/>\nMat\u00e9riel: plaque de meubles enduit de m\u00e9lamine<br \/>\nCouleur: \u00e9rable<br \/>\n\u00c9paisseur de la plaque: 19 mm<br \/>\nRail Rack Rack avec cuir en caoutchouc 20 Hey<br \/>\nincl. Set de vis<br \/>\ninstructions de montage<br \/>\nProfondeur d&rsquo;installation jusqu&rsquo;\u00e0 495 mm librement s\u00e9lectionnable<br \/>\nBase de meuble de 5 cm<br \/>\nFabriqu\u00e9 en Allemagne<br \/>\n\u00c9galement disponible dans d&rsquo;autres couleurs<br \/>\nDimensions ext\u00e9rieures (LxHxP): 540x995x500 mm<br \/>\nPoids env. 23 kg<\/p>\n<p>Disponible en tant qu&rsquo;accessoire:<br \/>\nPorte en verre verrouillable<br \/>\nPorte en bois ferm\u00e9e de couleur corporelle<\/p>\n","protected":false},"excerpt":{"rendered":"<p>Studio Furniture Rack 20 unit Kit pour l&rsquo;auto-assemblage Mat\u00e9riel: plaque de meubles enduit de m\u00e9lamine Couleur: \u00e9rable \u00c9paisseur de la<\/p>\n","protected":false},"featured_media":222260,"template":"","meta":{"_acf_changed":false},"product_brand":[],"product_cat":[15446],"product_tag":[],"class_list":{"0":"post-222239","1":"product","2":"type-product","3":"status-publish","4":"has-post-thumbnail","6":"product_cat-studio-equipment-utilisation","8":"first","9":"instock","10":"taxable","11":"shipping-taxable","12":"purchasable","13":"product-type-simple"},"acf":[],"_links":{"self":[{"href":"https:\/\/megacase.com\/fr\/wp-json\/wp\/v2\/product\/222239","targetHints":{"allow":["GET"]}}],"collection":[{"href":"https:\/\/megacase.com\/fr\/wp-json\/wp\/v2\/product"}],"about":[{"href":"https:\/\/megacase.com\/fr\/wp-json\/wp\/v2\/types\/product"}],"wp:featuredmedia":[{"embeddable":true,"href":"https:\/\/megacase.com\/fr\/wp-json\/wp\/v2\/media\/222260"}],"wp:attachment":[{"href":"https:\/\/megacase.com\/fr\/wp-json\/wp\/v2\/media?parent=222239"}],"wp:term":[{"taxonomy":"product_brand","embeddable":true,"href":"https:\/\/megacase.com\/fr\/wp-json\/wp\/v2\/product_brand?post=222239"},{"taxonomy":"product_cat","embeddable":true,"href":"https:\/\/megacase.com\/fr\/wp-json\/wp\/v2\/product_cat?post=222239"},{"taxonomy":"product_tag","embeddable":true,"href":"https:\/\/megacase.com\/fr\/wp-json\/wp\/v2\/product_tag?post=222239"}],"curies":[{"name":"wp","href":"https:\/\/api.w.org\/{rel}","templated":true}]}}