{"id":221913,"date":"2021-07-29T12:02:37","date_gmt":"2021-07-29T10:02:37","guid":{"rendered":"https:\/\/megacase.com\/product\/flightcase-sony-pxw-z150\/"},"modified":"2026-03-26T13:18:40","modified_gmt":"2026-03-26T12:18:40","slug":"flightcase-sony-pxw-z150","status":"publish","type":"product","link":"https:\/\/megacase.com\/fr\/produit\/flightcase-sony-pxw-z150\/","title":{"rendered":"Flightcase Sony PXW Z150"},"content":{"rendered":"<p>Coque de transport correspondante pour un cam\u00e9scope Sony PXW Z150<br \/>\nrev\u00eatu du multiplex de bouleau de 9mm<br \/>\nCouleur: <a href=\"https:\/\/megacase.com\/fr\/farben-beschichtungen\/\">librement s\u00e9lectionnable<\/a><br \/>\n30 x 30mm Alukante<br \/>\n2 fermetures \u00e0 papillon<br \/>\n3 poign\u00e9es pliantes moyennes<br \/>\n8 coins de la balle grand<br \/>\n2 charni\u00e8res de couverture en coquille<br \/>\n2 charni\u00e8res<br \/>\nGlisser<br \/>\nCompartiment accessoire rembourr\u00e9<br \/>\nRembourrage en mousse adapt\u00e9 \u00e0 Sony PXW Z150<br \/>\nFabriqu\u00e9 en Allemagne<br \/>\nDimensions ext\u00e9rieures LxPxH environ.: 650 x 287 x 305 mm<br \/>\nPoids env. 19,2 kg<\/p>\n<h4>Si vous commandez, veuillez sp\u00e9cifier la couleur d\u00e9sir\u00e9e dans le champ de commentaire<\/h4>\n","protected":false},"excerpt":{"rendered":"<p>Coque de transport correspondante pour un cam\u00e9scope Sony PXW Z150 rev\u00eatu du multiplex de bouleau de 9mm Couleur: librement s\u00e9lectionnable<\/p>\n","protected":false},"featured_media":221878,"template":"","meta":{"_acf_changed":false},"product_brand":[],"product_cat":[16064],"product_tag":[],"class_list":{"0":"post-221913","1":"product","2":"type-product","3":"status-publish","4":"has-post-thumbnail","6":"product_cat-cases-for-video-equipment-fr","8":"first","9":"instock","10":"taxable","11":"shipping-taxable","12":"purchasable","13":"product-type-simple"},"acf":[],"_links":{"self":[{"href":"https:\/\/megacase.com\/fr\/wp-json\/wp\/v2\/product\/221913","targetHints":{"allow":["GET"]}}],"collection":[{"href":"https:\/\/megacase.com\/fr\/wp-json\/wp\/v2\/product"}],"about":[{"href":"https:\/\/megacase.com\/fr\/wp-json\/wp\/v2\/types\/product"}],"wp:featuredmedia":[{"embeddable":true,"href":"https:\/\/megacase.com\/fr\/wp-json\/wp\/v2\/media\/221878"}],"wp:attachment":[{"href":"https:\/\/megacase.com\/fr\/wp-json\/wp\/v2\/media?parent=221913"}],"wp:term":[{"taxonomy":"product_brand","embeddable":true,"href":"https:\/\/megacase.com\/fr\/wp-json\/wp\/v2\/product_brand?post=221913"},{"taxonomy":"product_cat","embeddable":true,"href":"https:\/\/megacase.com\/fr\/wp-json\/wp\/v2\/product_cat?post=221913"},{"taxonomy":"product_tag","embeddable":true,"href":"https:\/\/megacase.com\/fr\/wp-json\/wp\/v2\/product_tag?post=221913"}],"curies":[{"name":"wp","href":"https:\/\/api.w.org\/{rel}","templated":true}]}}