{"id":221723,"date":"2021-07-29T07:27:06","date_gmt":"2021-07-29T05:27:06","guid":{"rendered":"https:\/\/megacase.com\/product\/case-bose-f1-subwoofer-bose-f1-model-812\/"},"modified":"2026-03-26T13:18:41","modified_gmt":"2026-03-26T12:18:41","slug":"case-bose-f1-subwoofer-bose-f1-model-812","status":"publish","type":"product","link":"https:\/\/megacase.com\/fr\/produit\/case-bose-f1-subwoofer-bose-f1-model-812\/","title":{"rendered":"Case Bose F1 Subwoofer + Bose F1 Model 812"},"content":{"rendered":"<p>\u00c9tui de capot assorti pour le subwoofer Bose F1 + Bose F1 Mod\u00e8le 812<br \/>\n6,8 mm de r\u00e9sine ph\u00e9nolique multiplex de bouleau enrob\u00e9e<br \/>\nCouleur marron<br \/>\n30&#215;30 mm Alukante<br \/>\n4 fermetures de papillons<br \/>\n4 moyens de maintien pliants<br \/>\n8 billes de coin moyen<br \/>\nd\u00e9partement<br \/>\nRembourrage en mousse<br \/>\n4 roulettes d&rsquo;entre eux frein\u00e9s 2<br \/>\nFabriqu\u00e9 en Allemagne<br \/>\nDimensions ext\u00e9rieures LxPxH env.: 860 x 522 x 897 mm<br \/>\nPoids env. 19,4 kg<\/p>\n","protected":false},"excerpt":{"rendered":"<p>\u00c9tui de capot assorti pour le subwoofer Bose F1 + Bose F1 Mod\u00e8le 812 6,8 mm de r\u00e9sine ph\u00e9nolique multiplex<\/p>\n","protected":false},"featured_media":221704,"template":"","meta":{"_acf_changed":false},"product_brand":[],"product_cat":[15152],"product_tag":[],"class_list":{"0":"post-221723","1":"product","2":"type-product","3":"status-publish","4":"has-post-thumbnail","6":"product_cat-audio-utilisation","8":"first","9":"instock","10":"taxable","11":"shipping-taxable","12":"purchasable","13":"product-type-simple"},"acf":[],"_links":{"self":[{"href":"https:\/\/megacase.com\/fr\/wp-json\/wp\/v2\/product\/221723","targetHints":{"allow":["GET"]}}],"collection":[{"href":"https:\/\/megacase.com\/fr\/wp-json\/wp\/v2\/product"}],"about":[{"href":"https:\/\/megacase.com\/fr\/wp-json\/wp\/v2\/types\/product"}],"wp:featuredmedia":[{"embeddable":true,"href":"https:\/\/megacase.com\/fr\/wp-json\/wp\/v2\/media\/221704"}],"wp:attachment":[{"href":"https:\/\/megacase.com\/fr\/wp-json\/wp\/v2\/media?parent=221723"}],"wp:term":[{"taxonomy":"product_brand","embeddable":true,"href":"https:\/\/megacase.com\/fr\/wp-json\/wp\/v2\/product_brand?post=221723"},{"taxonomy":"product_cat","embeddable":true,"href":"https:\/\/megacase.com\/fr\/wp-json\/wp\/v2\/product_cat?post=221723"},{"taxonomy":"product_tag","embeddable":true,"href":"https:\/\/megacase.com\/fr\/wp-json\/wp\/v2\/product_tag?post=221723"}],"curies":[{"name":"wp","href":"https:\/\/api.w.org\/{rel}","templated":true}]}}