{"id":221681,"date":"2021-07-29T06:56:21","date_gmt":"2021-07-29T04:56:21","guid":{"rendered":"https:\/\/megacase.com\/product\/heavy-flip-down-case-yamaha-ql-1\/"},"modified":"2026-03-26T13:18:41","modified_gmt":"2026-03-26T12:18:41","slug":"heavy-flip-down-case-yamaha-ql-1","status":"publish","type":"product","link":"https:\/\/megacase.com\/fr\/produit\/heavy-flip-down-case-yamaha-ql-1\/","title":{"rendered":"Heavy Flip-Down Case Yamaha QL-1"},"content":{"rendered":"<p>Convient pour une Yamaha QL-1<br \/>\nde 9 mm Multiplex de bouleau en PVC enduit<br \/>\nLa couleur noire<br \/>\n35 x 35 mm Alukante<br \/>\n4 grandes fermetures de papillons<br \/>\n8 grandes poign\u00e9es pliantes<br \/>\n8 coins de gros ballon<br \/>\nPoign\u00e9es d&rsquo;installation de 2 bords<br \/>\n1 \u00e9tiquette de tour int\u00e9gr\u00e9e<br \/>\n2 charni\u00e8res lourdes 80&#215;120 mm<br \/>\nRembourrage en mousse<br \/>\n\u00c0 l&rsquo;int\u00e9rieur d&rsquo;un compartiment accessoire<br \/>\n4 roulettes d&rsquo;entre eux frein\u00e9s 2<br \/>\nPorte-laqu\u00e9 noir amovible pour Yamaha QL-1<br \/>\n4 pieds en caoutchouc 38 x 10 mm<br \/>\n2 sources d&rsquo;essence<br \/>\n4 cisailles de levier de cette 1 verrouillable<br \/>\nRails de rack avec ressort en caoutchouc<br \/>\nIncl. Mat\u00e9riau de montage<br \/>\nFabriqu\u00e9 en Allemagne<br \/>\nDimensions ext\u00e9rieures LxPxH environ.: 745 x 545 x 1035<br \/>\nPoids env.: 62 kg<\/p>\n","protected":false},"excerpt":{"rendered":"<p>Convient pour une Yamaha QL-1 de 9 mm Multiplex de bouleau en PVC enduit La couleur noire 35 x 35<\/p>\n","protected":false},"featured_media":221670,"template":"","meta":{"_acf_changed":false},"product_brand":[],"product_cat":[13828],"product_tag":[],"class_list":{"0":"post-221681","1":"product","2":"type-product","3":"status-publish","4":"has-post-thumbnail","6":"product_cat-mischpult-cases-fr","8":"first","9":"instock","10":"taxable","11":"shipping-taxable","12":"purchasable","13":"product-type-simple"},"acf":[],"_links":{"self":[{"href":"https:\/\/megacase.com\/fr\/wp-json\/wp\/v2\/product\/221681","targetHints":{"allow":["GET"]}}],"collection":[{"href":"https:\/\/megacase.com\/fr\/wp-json\/wp\/v2\/product"}],"about":[{"href":"https:\/\/megacase.com\/fr\/wp-json\/wp\/v2\/types\/product"}],"wp:featuredmedia":[{"embeddable":true,"href":"https:\/\/megacase.com\/fr\/wp-json\/wp\/v2\/media\/221670"}],"wp:attachment":[{"href":"https:\/\/megacase.com\/fr\/wp-json\/wp\/v2\/media?parent=221681"}],"wp:term":[{"taxonomy":"product_brand","embeddable":true,"href":"https:\/\/megacase.com\/fr\/wp-json\/wp\/v2\/product_brand?post=221681"},{"taxonomy":"product_cat","embeddable":true,"href":"https:\/\/megacase.com\/fr\/wp-json\/wp\/v2\/product_cat?post=221681"},{"taxonomy":"product_tag","embeddable":true,"href":"https:\/\/megacase.com\/fr\/wp-json\/wp\/v2\/product_tag?post=221681"}],"curies":[{"name":"wp","href":"https:\/\/api.w.org\/{rel}","templated":true}]}}