{"id":221492,"date":"2021-07-29T05:56:56","date_gmt":"2021-07-29T03:56:56","guid":{"rendered":"https:\/\/megacase.com\/product\/case-seeburg-acoustic-line-k24\/"},"modified":"2026-03-26T13:08:54","modified_gmt":"2026-03-26T12:08:54","slug":"case-seeburg-acoustic-line-k24","status":"publish","type":"product","link":"https:\/\/megacase.com\/fr\/produit\/case-seeburg-acoustic-line-k24\/","title":{"rendered":"Case Seeburg Acoustic Line K24"},"content":{"rendered":"<p>\u00c9tui de capot assorti pour deux parties sup\u00e9rieures d&rsquo;acoustique de Seeburg K24<br \/>\nde 9 mm Multiplex de bouleau en PVC enduit<br \/>\nCouleur: <a href=\"https:\/\/megacase.com\/fr\/farben-beschichtungen\/\">librement s\u00e9lectionnable<\/a><br \/>\n30 x 30mm Alukante<br \/>\n4 fermetures de papillons<br \/>\n8 coins de la balle grand<br \/>\n8 poign\u00e9es pliantes moyennes<br \/>\n4 roulettes d&rsquo;entre eux frein\u00e9s 2<br \/>\nGamme centrale d&rsquo;accessoires 150mm de large<br \/>\nRembourrage en mousse<br \/>\nFabriqu\u00e9 en Allemagne<br \/>\nDimensions ext\u00e9rieures BXTXH environ.: 1200 x 505 x 940 mm<br \/>\nPoids env.: 47,6 kg<\/p>\n<p>Si vous commandez, veuillez sp\u00e9cifier la couleur d\u00e9sir\u00e9e dans le champ de commentaire<\/p>\n","protected":false},"excerpt":{"rendered":"<p>\u00c9tui de capot assorti pour deux parties sup\u00e9rieures d&rsquo;acoustique de Seeburg K24 de 9 mm Multiplex de bouleau en PVC<\/p>\n","protected":false},"featured_media":221453,"template":"","meta":{"_acf_changed":false},"product_brand":[],"product_cat":[15152],"product_tag":[],"class_list":{"0":"post-221492","1":"product","2":"type-product","3":"status-publish","4":"has-post-thumbnail","6":"product_cat-audio-utilisation","8":"first","9":"instock","10":"taxable","11":"shipping-taxable","12":"purchasable","13":"product-type-simple"},"acf":[],"_links":{"self":[{"href":"https:\/\/megacase.com\/fr\/wp-json\/wp\/v2\/product\/221492","targetHints":{"allow":["GET"]}}],"collection":[{"href":"https:\/\/megacase.com\/fr\/wp-json\/wp\/v2\/product"}],"about":[{"href":"https:\/\/megacase.com\/fr\/wp-json\/wp\/v2\/types\/product"}],"wp:featuredmedia":[{"embeddable":true,"href":"https:\/\/megacase.com\/fr\/wp-json\/wp\/v2\/media\/221453"}],"wp:attachment":[{"href":"https:\/\/megacase.com\/fr\/wp-json\/wp\/v2\/media?parent=221492"}],"wp:term":[{"taxonomy":"product_brand","embeddable":true,"href":"https:\/\/megacase.com\/fr\/wp-json\/wp\/v2\/product_brand?post=221492"},{"taxonomy":"product_cat","embeddable":true,"href":"https:\/\/megacase.com\/fr\/wp-json\/wp\/v2\/product_cat?post=221492"},{"taxonomy":"product_tag","embeddable":true,"href":"https:\/\/megacase.com\/fr\/wp-json\/wp\/v2\/product_tag?post=221492"}],"curies":[{"name":"wp","href":"https:\/\/api.w.org\/{rel}","templated":true}]}}