{"id":221349,"date":"2021-07-28T15:33:27","date_gmt":"2021-07-28T13:33:27","guid":{"rendered":"https:\/\/megacase.com\/product\/case-2x-prolights-panorama-ip-airbeam\/"},"modified":"2026-03-26T13:08:57","modified_gmt":"2026-03-26T12:08:57","slug":"case-2x-prolights-panorama-ip-airbeam","status":"publish","type":"product","link":"https:\/\/megacase.com\/fr\/produit\/case-2x-prolights-panorama-ip-airbeam\/","title":{"rendered":"Case 2x Prolights Panorama IP AirBeam"},"content":{"rendered":"<p>Valise de transport adapt\u00e9e pour 2 Prolights Panorama IP AirBeam<br \/>\nEnduit de r\u00e9sine ph\u00e9nolique multiplex de bouleau de 9 mm<br \/>\nCouleur marron<br \/>\nBord en aluminium 30 x 30 mm<br \/>\n2 serrures papillon, moyennes<br \/>\n8 poign\u00e9es rabattables m\u00e9dium<br \/>\n2 charni\u00e8res de couvercle dans la coque avec un clic<br \/>\n8 coins boule grand<br \/>\n4 roulettes pivotantes dont 2 frein\u00e9es<br \/>\nRembourrage en mousse<br \/>\ncompartiment central pour accessoires de 150 mm de large<br \/>\nFabriqu\u00e9 en Allemagne<br \/>\nDimensions ext\u00e9rieures LxPxH environ : 985 x 542 x 982<br \/>\nPoids approx.: 62,7 kg<\/p>\n","protected":false},"excerpt":{"rendered":"<p>Valise de transport adapt\u00e9e pour 2 Prolights Panorama IP AirBeam Enduit de r\u00e9sine ph\u00e9nolique multiplex de bouleau de 9 mm<\/p>\n","protected":false},"featured_media":221346,"template":"","meta":{"_acf_changed":false},"product_brand":[],"product_cat":[15423],"product_tag":[],"class_list":{"0":"post-221349","1":"product","2":"type-product","3":"status-publish","4":"has-post-thumbnail","6":"product_cat-light-equipment-case-utilisation","8":"first","9":"instock","10":"taxable","11":"shipping-taxable","12":"purchasable","13":"product-type-simple"},"acf":[],"_links":{"self":[{"href":"https:\/\/megacase.com\/fr\/wp-json\/wp\/v2\/product\/221349","targetHints":{"allow":["GET"]}}],"collection":[{"href":"https:\/\/megacase.com\/fr\/wp-json\/wp\/v2\/product"}],"about":[{"href":"https:\/\/megacase.com\/fr\/wp-json\/wp\/v2\/types\/product"}],"wp:featuredmedia":[{"embeddable":true,"href":"https:\/\/megacase.com\/fr\/wp-json\/wp\/v2\/media\/221346"}],"wp:attachment":[{"href":"https:\/\/megacase.com\/fr\/wp-json\/wp\/v2\/media?parent=221349"}],"wp:term":[{"taxonomy":"product_brand","embeddable":true,"href":"https:\/\/megacase.com\/fr\/wp-json\/wp\/v2\/product_brand?post=221349"},{"taxonomy":"product_cat","embeddable":true,"href":"https:\/\/megacase.com\/fr\/wp-json\/wp\/v2\/product_cat?post=221349"},{"taxonomy":"product_tag","embeddable":true,"href":"https:\/\/megacase.com\/fr\/wp-json\/wp\/v2\/product_tag?post=221349"}],"curies":[{"name":"wp","href":"https:\/\/api.w.org\/{rel}","templated":true}]}}