{"id":221261,"date":"2021-07-28T15:00:13","date_gmt":"2021-07-28T13:00:13","guid":{"rendered":"https:\/\/megacase.com\/product\/flightcase-adams-vawa30\/"},"modified":"2026-03-26T13:08:58","modified_gmt":"2026-03-26T12:08:58","slug":"flightcase-adams-vawa30","status":"publish","type":"product","link":"https:\/\/megacase.com\/fr\/produit\/flightcase-adams-vawa30\/","title":{"rendered":"Flightcase Adams VAWA30"},"content":{"rendered":"<p>\u00e9tui de transport professionnel pour un vibraphone Adams VAWA30<br \/>\nEnduit de r\u00e9sine ph\u00e9nolique multiplex de bouleau de 9 mm<br \/>\nBord en aluminium 30 x 30 mm<br \/>\n4 serrures papillon, moyennes<br \/>\n8 poign\u00e9es rabattables m\u00e9dium<br \/>\n1 poign\u00e9e de bord<br \/>\n8 coins boule grand<br \/>\nSupport de couvercle \u00e0 droite et \u00e0 gauche<br \/>\nRembourrage en mousse<br \/>\n1 sangle d&rsquo;arrimage<br \/>\nFabriqu\u00e9 en Allemagne<br \/>\nDimensions ext\u00e9rieures LxPxH environ : 843 x 1725 x 1170 mm<br \/>\nPoids approx.: 72,3 kg<\/p>\n","protected":false},"excerpt":{"rendered":"<p>\u00e9tui de transport professionnel pour un vibraphone Adams VAWA30 Enduit de r\u00e9sine ph\u00e9nolique multiplex de bouleau de 9 mm Bord<\/p>\n","protected":false},"featured_media":221234,"template":"","meta":{"_acf_changed":false},"product_brand":[],"product_cat":[15745],"product_tag":[],"class_list":{"0":"post-221261","1":"product","2":"type-product","3":"status-publish","4":"has-post-thumbnail","6":"product_cat-orchestra-case-utilisation","8":"first","9":"instock","10":"taxable","11":"shipping-taxable","12":"purchasable","13":"product-type-simple"},"acf":[],"_links":{"self":[{"href":"https:\/\/megacase.com\/fr\/wp-json\/wp\/v2\/product\/221261","targetHints":{"allow":["GET"]}}],"collection":[{"href":"https:\/\/megacase.com\/fr\/wp-json\/wp\/v2\/product"}],"about":[{"href":"https:\/\/megacase.com\/fr\/wp-json\/wp\/v2\/types\/product"}],"wp:featuredmedia":[{"embeddable":true,"href":"https:\/\/megacase.com\/fr\/wp-json\/wp\/v2\/media\/221234"}],"wp:attachment":[{"href":"https:\/\/megacase.com\/fr\/wp-json\/wp\/v2\/media?parent=221261"}],"wp:term":[{"taxonomy":"product_brand","embeddable":true,"href":"https:\/\/megacase.com\/fr\/wp-json\/wp\/v2\/product_brand?post=221261"},{"taxonomy":"product_cat","embeddable":true,"href":"https:\/\/megacase.com\/fr\/wp-json\/wp\/v2\/product_cat?post=221261"},{"taxonomy":"product_tag","embeddable":true,"href":"https:\/\/megacase.com\/fr\/wp-json\/wp\/v2\/product_tag?post=221261"}],"curies":[{"name":"wp","href":"https:\/\/api.w.org\/{rel}","templated":true}]}}