{"id":221186,"date":"2021-07-28T13:16:13","date_gmt":"2021-07-28T11:16:13","guid":{"rendered":"https:\/\/megacase.com\/product\/case-marshall-electronics-cv730-ndi-uhd-ptz-2in1\/"},"modified":"2026-03-26T13:08:58","modified_gmt":"2026-03-26T12:08:58","slug":"case-marshall-electronics-cv730-ndi-uhd-ptz-2in1","status":"publish","type":"product","link":"https:\/\/megacase.com\/fr\/produit\/case-marshall-electronics-cv730-ndi-uhd-ptz-2in1\/","title":{"rendered":"Case Marshall Electronics CV730 \/ NDI UHD PTZ 2in1"},"content":{"rendered":"<p>Valise de poitrine appropri\u00e9e pour 2 cam\u00e9ras Marshall Electronics CV730 UHD PTZ<br \/>\nEnduit multiplex de bouleau de 6,8 mm<br \/>\nLa couleur noire<br \/>\nBord en aluminium 25\/25<br \/>\n2 papillons moyens<br \/>\n2 grandes charni\u00e8res de verrouillage<br \/>\n1 poign\u00e9e rabattable, moyenne<br \/>\nCoin 8 boules moyen<br \/>\nIncrustation en mousse adapt\u00e9e \u00e0 2 cam\u00e9ras Marshall Electronics CV730 UHD PTZ<br \/>\nCompartiment accessoires de 15 cm de large<br \/>\nFabriqu\u00e9 en Allemagne<br \/>\nDimensions ext\u00e9rieures LxPxH environ : 672 x 280 x 360 mm<br \/>\nPoids environ : 10,3 kg<\/p>\n","protected":false},"excerpt":{"rendered":"<p>Valise de poitrine appropri\u00e9e pour 2 cam\u00e9ras Marshall Electronics CV730 UHD PTZ Enduit multiplex de bouleau de 6,8 mm La<\/p>\n","protected":false},"featured_media":221139,"template":"","meta":{"_acf_changed":false},"product_brand":[],"product_cat":[16064],"product_tag":[],"class_list":{"0":"post-221186","1":"product","2":"type-product","3":"status-publish","4":"has-post-thumbnail","6":"product_cat-cases-for-video-equipment-fr","8":"first","9":"instock","10":"taxable","11":"shipping-taxable","12":"purchasable","13":"product-type-simple"},"acf":[],"_links":{"self":[{"href":"https:\/\/megacase.com\/fr\/wp-json\/wp\/v2\/product\/221186","targetHints":{"allow":["GET"]}}],"collection":[{"href":"https:\/\/megacase.com\/fr\/wp-json\/wp\/v2\/product"}],"about":[{"href":"https:\/\/megacase.com\/fr\/wp-json\/wp\/v2\/types\/product"}],"wp:featuredmedia":[{"embeddable":true,"href":"https:\/\/megacase.com\/fr\/wp-json\/wp\/v2\/media\/221139"}],"wp:attachment":[{"href":"https:\/\/megacase.com\/fr\/wp-json\/wp\/v2\/media?parent=221186"}],"wp:term":[{"taxonomy":"product_brand","embeddable":true,"href":"https:\/\/megacase.com\/fr\/wp-json\/wp\/v2\/product_brand?post=221186"},{"taxonomy":"product_cat","embeddable":true,"href":"https:\/\/megacase.com\/fr\/wp-json\/wp\/v2\/product_cat?post=221186"},{"taxonomy":"product_tag","embeddable":true,"href":"https:\/\/megacase.com\/fr\/wp-json\/wp\/v2\/product_tag?post=221186"}],"curies":[{"name":"wp","href":"https:\/\/api.w.org\/{rel}","templated":true}]}}