{"id":220922,"date":"2021-07-22T09:07:01","date_gmt":"2021-07-22T07:07:01","guid":{"rendered":"https:\/\/megacase.com\/product\/studio-desktop-7u-rack-beech-2\/"},"modified":"2026-03-26T13:08:59","modified_gmt":"2026-03-26T12:08:59","slug":"studio-desktop-8u-rack-beech","status":"publish","type":"product","link":"https:\/\/megacase.com\/fr\/produit\/studio-desktop-8u-rack-beech\/","title":{"rendered":"Studio Desktop 8U Rack beech"},"content":{"rendered":"<p>Kit pour auto-assembl\u00e9e<br \/>\n8HE Hauteur de l&rsquo;utilit\u00e9<br \/>\nProfondeur d&rsquo;installation jusqu&rsquo;\u00e0 315 mm<br \/>\nrail de rack steiless<br \/>\nincl. Set de vis, 4 glissements en feutre<br \/>\nMat\u00e9riel de d\u00e9corateur de meubles enduit de 19 mm<br \/>\nCouleur: h\u00eatre<br \/>\nDimensions ext\u00e9rieures LxPxH environ.: 540 x 320 x 414 mm<br \/>\nPoids env.: 7,8 kg<br \/>\nFabriqu\u00e9 en Allemagne<\/p>\n","protected":false},"excerpt":{"rendered":"<p>Kit pour auto-assembl\u00e9e 8HE Hauteur de l&rsquo;utilit\u00e9 Profondeur d&rsquo;installation jusqu&rsquo;\u00e0 315 mm rail de rack steiless incl. Set de vis,<\/p>\n","protected":false},"featured_media":220919,"template":"","meta":{"_acf_changed":false},"product_brand":[],"product_cat":[15446],"product_tag":[],"class_list":{"0":"post-220922","1":"product","2":"type-product","3":"status-publish","4":"has-post-thumbnail","6":"product_cat-studio-equipment-utilisation","8":"first","9":"instock","10":"taxable","11":"shipping-taxable","12":"purchasable","13":"product-type-simple"},"acf":[],"_links":{"self":[{"href":"https:\/\/megacase.com\/fr\/wp-json\/wp\/v2\/product\/220922","targetHints":{"allow":["GET"]}}],"collection":[{"href":"https:\/\/megacase.com\/fr\/wp-json\/wp\/v2\/product"}],"about":[{"href":"https:\/\/megacase.com\/fr\/wp-json\/wp\/v2\/types\/product"}],"wp:featuredmedia":[{"embeddable":true,"href":"https:\/\/megacase.com\/fr\/wp-json\/wp\/v2\/media\/220919"}],"wp:attachment":[{"href":"https:\/\/megacase.com\/fr\/wp-json\/wp\/v2\/media?parent=220922"}],"wp:term":[{"taxonomy":"product_brand","embeddable":true,"href":"https:\/\/megacase.com\/fr\/wp-json\/wp\/v2\/product_brand?post=220922"},{"taxonomy":"product_cat","embeddable":true,"href":"https:\/\/megacase.com\/fr\/wp-json\/wp\/v2\/product_cat?post=220922"},{"taxonomy":"product_tag","embeddable":true,"href":"https:\/\/megacase.com\/fr\/wp-json\/wp\/v2\/product_tag?post=220922"}],"curies":[{"name":"wp","href":"https:\/\/api.w.org\/{rel}","templated":true}]}}