{"id":220736,"date":"2021-07-22T07:14:44","date_gmt":"2021-07-22T05:14:44","guid":{"rendered":"https:\/\/megacase.com\/product\/studio-desktop-5u-rack-beech\/"},"modified":"2026-03-26T13:09:01","modified_gmt":"2026-03-26T12:09:01","slug":"studio-desktop-5u-rack-beech","status":"publish","type":"product","link":"https:\/\/megacase.com\/fr\/produit\/studio-desktop-5u-rack-beech\/","title":{"rendered":"Studio Desktop 5U Rack beech"},"content":{"rendered":"<p>Kit pour auto-assembl\u00e9e<br \/>\n5HE Hauteur du propri\u00e9taire<br \/>\nProfondeur d&rsquo;installation jusqu&rsquo;\u00e0 315 mm<br \/>\nrail de rack steiless<br \/>\nincl. vis de vis<br \/>\n4 planeur de feutre<br \/>\nMat\u00e9riel de d\u00e9corateur de meubles enduit de 19 mm<br \/>\nCouleur: h\u00eatre<br \/>\nDimensions externes LxPxH environ.: 540 x 320 x 279 mm<br \/>\nPoids env.: 6,6 kg<br \/>\nFabriqu\u00e9 en Allemagne<\/p>\n","protected":false},"excerpt":{"rendered":"<p>Kit pour auto-assembl\u00e9e 5HE Hauteur du propri\u00e9taire Profondeur d&rsquo;installation jusqu&rsquo;\u00e0 315 mm rail de rack steiless incl. vis de vis<\/p>\n","protected":false},"featured_media":220725,"template":"","meta":{"_acf_changed":false},"product_brand":[],"product_cat":[15446],"product_tag":[],"class_list":{"0":"post-220736","1":"product","2":"type-product","3":"status-publish","4":"has-post-thumbnail","6":"product_cat-studio-equipment-utilisation","8":"first","9":"instock","10":"taxable","11":"shipping-taxable","12":"purchasable","13":"product-type-simple"},"acf":[],"_links":{"self":[{"href":"https:\/\/megacase.com\/fr\/wp-json\/wp\/v2\/product\/220736","targetHints":{"allow":["GET"]}}],"collection":[{"href":"https:\/\/megacase.com\/fr\/wp-json\/wp\/v2\/product"}],"about":[{"href":"https:\/\/megacase.com\/fr\/wp-json\/wp\/v2\/types\/product"}],"wp:featuredmedia":[{"embeddable":true,"href":"https:\/\/megacase.com\/fr\/wp-json\/wp\/v2\/media\/220725"}],"wp:attachment":[{"href":"https:\/\/megacase.com\/fr\/wp-json\/wp\/v2\/media?parent=220736"}],"wp:term":[{"taxonomy":"product_brand","embeddable":true,"href":"https:\/\/megacase.com\/fr\/wp-json\/wp\/v2\/product_brand?post=220736"},{"taxonomy":"product_cat","embeddable":true,"href":"https:\/\/megacase.com\/fr\/wp-json\/wp\/v2\/product_cat?post=220736"},{"taxonomy":"product_tag","embeddable":true,"href":"https:\/\/megacase.com\/fr\/wp-json\/wp\/v2\/product_tag?post=220736"}],"curies":[{"name":"wp","href":"https:\/\/api.w.org\/{rel}","templated":true}]}}