{"id":220045,"date":"2021-06-29T15:14:11","date_gmt":"2021-06-29T13:14:11","guid":{"rendered":"https:\/\/megacase.com\/product\/case-iiyama-prolite-xub3493wqsu\/"},"modified":"2026-03-26T13:09:03","modified_gmt":"2026-03-26T12:09:03","slug":"case-iiyama-prolite-xub3493wqsu","status":"publish","type":"product","link":"https:\/\/megacase.com\/fr\/produit\/case-iiyama-prolite-xub3493wqsu\/","title":{"rendered":"Case Iiyama Prolite XUB3493WQSU"},"content":{"rendered":"<p>Coque de transport correspondante pour un moniteur IIyama ProLite Xub3493WQSU-B1<br \/>\n6,8 mm Multiplex de bouleau enduit<br \/>\nCouleur: <a href=\"https:\/\/megacase.com\/fr\/farben-beschichtungen\/\">librement s\u00e9lectionnable<\/a><br \/>\n30 x 30mm Alukante<br \/>\n2 fermetures \u00e0 papillon<br \/>\n3 poign\u00e9es pliantes moyennes<br \/>\n8 coins de la balle moyenne<br \/>\n2 charni\u00e8res de verrouillage<br \/>\nRembourrage en mousse<br \/>\nFabriqu\u00e9 en Allemagne<br \/>\nDimensions ext\u00e9rieures LxPxH environ.: 895 x 287 x 495 mm<br \/>\nPoids env. 19,3 kg<\/p>\n<p>Si vous commandez, veuillez sp\u00e9cifier la couleur d\u00e9sir\u00e9e dans le champ de commentaire<\/p>\n","protected":false},"excerpt":{"rendered":"<p>Coque de transport correspondante pour un moniteur IIyama ProLite Xub3493WQSU-B1 6,8 mm Multiplex de bouleau enduit Couleur: librement s\u00e9lectionnable 30<\/p>\n","protected":false},"featured_media":220022,"template":"","meta":{"_acf_changed":false},"product_brand":[],"product_cat":[13690],"product_tag":[],"class_list":{"0":"post-220045","1":"product","2":"type-product","3":"status-publish","4":"has-post-thumbnail","6":"product_cat-display-monitor-fr","8":"first","9":"instock","10":"taxable","11":"shipping-taxable","12":"purchasable","13":"product-type-simple"},"acf":[],"_links":{"self":[{"href":"https:\/\/megacase.com\/fr\/wp-json\/wp\/v2\/product\/220045","targetHints":{"allow":["GET"]}}],"collection":[{"href":"https:\/\/megacase.com\/fr\/wp-json\/wp\/v2\/product"}],"about":[{"href":"https:\/\/megacase.com\/fr\/wp-json\/wp\/v2\/types\/product"}],"wp:featuredmedia":[{"embeddable":true,"href":"https:\/\/megacase.com\/fr\/wp-json\/wp\/v2\/media\/220022"}],"wp:attachment":[{"href":"https:\/\/megacase.com\/fr\/wp-json\/wp\/v2\/media?parent=220045"}],"wp:term":[{"taxonomy":"product_brand","embeddable":true,"href":"https:\/\/megacase.com\/fr\/wp-json\/wp\/v2\/product_brand?post=220045"},{"taxonomy":"product_cat","embeddable":true,"href":"https:\/\/megacase.com\/fr\/wp-json\/wp\/v2\/product_cat?post=220045"},{"taxonomy":"product_tag","embeddable":true,"href":"https:\/\/megacase.com\/fr\/wp-json\/wp\/v2\/product_tag?post=220045"}],"curies":[{"name":"wp","href":"https:\/\/api.w.org\/{rel}","templated":true}]}}