{"id":220011,"date":"2021-06-29T15:02:14","date_gmt":"2021-06-29T13:02:14","guid":{"rendered":"https:\/\/megacase.com\/product\/flightcase-reitsattel-2in1\/"},"modified":"2026-03-26T13:09:04","modified_gmt":"2026-03-26T12:09:04","slug":"flightcase-reitsattel-2in1","status":"publish","type":"product","link":"https:\/\/megacase.com\/fr\/produit\/flightcase-reitsattel-2in1\/","title":{"rendered":"Flightcase Reitsattel 2in1"},"content":{"rendered":"<p>Assortie de porte \u00e0 la porte unique pour arrimer deux coussinets d&rsquo;\u00e9quitation<br \/>\nProfondeur pour la selle: 540 mm<br \/>\nDistances entre les supports: 400 mm<br \/>\nMultiplex de bouleau de 9 mm<br \/>\nCouleur: <a href=\"https:\/\/megacase.com\/fr\/farben-beschichtungen\/\">librement s\u00e9lectionnable<\/a><br \/>\n30 x 30 mm d&rsquo;aluminium<br \/>\n4 fermetures de papillon moyen avec oeillet pour un cadenas<br \/>\n4 poign\u00e9es pliantes moyennes<br \/>\n8 coins de la balle grand<br \/>\nau-dessus d&rsquo;un compartiment de rangement avec une hauteur d&rsquo;environ 100 mm<br \/>\nFabriqu\u00e9 en Allemagne<br \/>\nDimensions externes LxPxH environ.: 850 x 645 x 1302 mm<br \/>\nPoids env.: 48,4 kg<\/p>\n<h4>Si vous commandez, veuillez sp\u00e9cifier la couleur d\u00e9sir\u00e9e dans le champ de commentaire<\/h4>\n","protected":false},"excerpt":{"rendered":"<p>Assortie de porte \u00e0 la porte unique pour arrimer deux coussinets d&rsquo;\u00e9quitation Profondeur pour la selle: 540 mm Distances entre<\/p>\n","protected":false},"featured_media":219996,"template":"","meta":{"_acf_changed":false},"product_brand":[],"product_cat":[13523],"product_tag":[],"class_list":{"0":"post-220011","1":"product","2":"type-product","3":"status-publish","4":"has-post-thumbnail","6":"product_cat-universal-flightcases-utilisation","8":"first","9":"instock","10":"taxable","11":"shipping-taxable","12":"purchasable","13":"product-type-simple"},"acf":[],"_links":{"self":[{"href":"https:\/\/megacase.com\/fr\/wp-json\/wp\/v2\/product\/220011","targetHints":{"allow":["GET"]}}],"collection":[{"href":"https:\/\/megacase.com\/fr\/wp-json\/wp\/v2\/product"}],"about":[{"href":"https:\/\/megacase.com\/fr\/wp-json\/wp\/v2\/types\/product"}],"wp:featuredmedia":[{"embeddable":true,"href":"https:\/\/megacase.com\/fr\/wp-json\/wp\/v2\/media\/219996"}],"wp:attachment":[{"href":"https:\/\/megacase.com\/fr\/wp-json\/wp\/v2\/media?parent=220011"}],"wp:term":[{"taxonomy":"product_brand","embeddable":true,"href":"https:\/\/megacase.com\/fr\/wp-json\/wp\/v2\/product_brand?post=220011"},{"taxonomy":"product_cat","embeddable":true,"href":"https:\/\/megacase.com\/fr\/wp-json\/wp\/v2\/product_cat?post=220011"},{"taxonomy":"product_tag","embeddable":true,"href":"https:\/\/megacase.com\/fr\/wp-json\/wp\/v2\/product_tag?post=220011"}],"curies":[{"name":"wp","href":"https:\/\/api.w.org\/{rel}","templated":true}]}}