{"id":219971,"date":"2021-06-29T14:41:31","date_gmt":"2021-06-29T12:41:31","guid":{"rendered":"https:\/\/megacase.com\/product\/case-2x-meyer-sound-mjf-208-wheel\/"},"modified":"2026-03-26T13:09:04","modified_gmt":"2026-03-26T12:09:04","slug":"case-2x-meyer-sound-mjf-208-wheel","status":"publish","type":"product","link":"https:\/\/megacase.com\/fr\/produit\/case-2x-meyer-sound-mjf-208-wheel\/","title":{"rendered":"Case 2x Meyer Sound MJF-208 + wheel"},"content":{"rendered":"<p>Flightcase appropri\u00e9 pour la bo\u00eete de moniteur de sc\u00e8ne Sound MJF-208 de deux Meyer<br \/>\nrev\u00eatu de 9 mm de bouleau multiplex<br \/>\nCouleur: <a href=\"https:\/\/megacase.com\/fr\/farben-beschichtungen\/\">librement s\u00e9lectionnable<\/a><br \/>\n30 x 30 mm d&rsquo;aluminium<br \/>\n4 fermetures de papillons<br \/>\n8 poign\u00e9es pliantes moyennes<br \/>\n8 coins de la balle grand<br \/>\n4 plat pour roues<br \/>\n4 roulettes d&rsquo;entre eux frein\u00e9s 2<br \/>\nRembourrage en mousse assorti<br \/>\nFabriqu\u00e9 en Allemagne<br \/>\nDimensions ext\u00e9rieures BXDXH env.: 870 x 570 x 715 mm<br \/>\nPoids env. 33 kg<\/p>\n","protected":false},"excerpt":{"rendered":"<p>Flightcase appropri\u00e9 pour la bo\u00eete de moniteur de sc\u00e8ne Sound MJF-208 de deux Meyer rev\u00eatu de 9 mm de bouleau<\/p>\n","protected":false},"featured_media":219956,"template":"","meta":{"_acf_changed":false},"product_brand":[],"product_cat":[15152],"product_tag":[],"class_list":{"0":"post-219971","1":"product","2":"type-product","3":"status-publish","4":"has-post-thumbnail","6":"product_cat-audio-utilisation","8":"first","9":"instock","10":"taxable","11":"shipping-taxable","12":"purchasable","13":"product-type-simple"},"acf":[],"_links":{"self":[{"href":"https:\/\/megacase.com\/fr\/wp-json\/wp\/v2\/product\/219971","targetHints":{"allow":["GET"]}}],"collection":[{"href":"https:\/\/megacase.com\/fr\/wp-json\/wp\/v2\/product"}],"about":[{"href":"https:\/\/megacase.com\/fr\/wp-json\/wp\/v2\/types\/product"}],"wp:featuredmedia":[{"embeddable":true,"href":"https:\/\/megacase.com\/fr\/wp-json\/wp\/v2\/media\/219956"}],"wp:attachment":[{"href":"https:\/\/megacase.com\/fr\/wp-json\/wp\/v2\/media?parent=219971"}],"wp:term":[{"taxonomy":"product_brand","embeddable":true,"href":"https:\/\/megacase.com\/fr\/wp-json\/wp\/v2\/product_brand?post=219971"},{"taxonomy":"product_cat","embeddable":true,"href":"https:\/\/megacase.com\/fr\/wp-json\/wp\/v2\/product_cat?post=219971"},{"taxonomy":"product_tag","embeddable":true,"href":"https:\/\/megacase.com\/fr\/wp-json\/wp\/v2\/product_tag?post=219971"}],"curies":[{"name":"wp","href":"https:\/\/api.w.org\/{rel}","templated":true}]}}