{"id":219919,"date":"2021-06-29T14:05:03","date_gmt":"2021-06-29T12:05:03","guid":{"rendered":"https:\/\/megacase.com\/product\/flightcase-20x-km-210-9-stativ\/"},"modified":"2026-03-26T13:09:04","modified_gmt":"2026-03-26T12:09:04","slug":"flightcase-20x-km-210-9-stativ","status":"publish","type":"product","link":"https:\/\/megacase.com\/fr\/produit\/flightcase-20x-km-210-9-stativ\/","title":{"rendered":"Flightcase 20x K&#038;M 210\/9 Stativ"},"content":{"rendered":"<p>Coque de transport correspondante pour 20 King &amp; Meyer 210\/9 MicroStive<br \/>\n6.8mm Birch Multiplex r\u00e9sine ph\u00e9nolique rev\u00eatue<br \/>\nCouleur marron<br \/>\n30 x 30 mm d&rsquo;aluminium<br \/>\n4 fermetures de papillons<br \/>\n4 poign\u00e9es pliantes moyennes<br \/>\n8 coins de la balle moyenne<br \/>\n20 \u00e9l\u00e9ments tubulaires 102,5 cm de long<br \/>\n4 roulettes d&rsquo;entre eux frein\u00e9s 2<br \/>\nRembourrage en mousse<br \/>\nFabriqu\u00e9 en Allemagne<br \/>\nDimensions ext\u00e9rieures LxPxH env.: 610 x 1135 x 645 mm<br \/>\nPoids env.: 44 kg<\/p>\n","protected":false},"excerpt":{"rendered":"<p>Coque de transport correspondante pour 20 King &amp; Meyer 210\/9 MicroStive 6.8mm Birch Multiplex r\u00e9sine ph\u00e9nolique rev\u00eatue Couleur marron 30<\/p>\n","protected":false},"featured_media":219900,"template":"","meta":{"_acf_changed":false},"product_brand":[],"product_cat":[15903],"product_tag":[],"class_list":{"0":"post-219919","1":"product","2":"type-product","3":"status-publish","4":"has-post-thumbnail","6":"product_cat-case-for-pa-accessory-utilisation","8":"first","9":"instock","10":"taxable","11":"shipping-taxable","12":"purchasable","13":"product-type-simple"},"acf":[],"_links":{"self":[{"href":"https:\/\/megacase.com\/fr\/wp-json\/wp\/v2\/product\/219919","targetHints":{"allow":["GET"]}}],"collection":[{"href":"https:\/\/megacase.com\/fr\/wp-json\/wp\/v2\/product"}],"about":[{"href":"https:\/\/megacase.com\/fr\/wp-json\/wp\/v2\/types\/product"}],"wp:featuredmedia":[{"embeddable":true,"href":"https:\/\/megacase.com\/fr\/wp-json\/wp\/v2\/media\/219900"}],"wp:attachment":[{"href":"https:\/\/megacase.com\/fr\/wp-json\/wp\/v2\/media?parent=219919"}],"wp:term":[{"taxonomy":"product_brand","embeddable":true,"href":"https:\/\/megacase.com\/fr\/wp-json\/wp\/v2\/product_brand?post=219919"},{"taxonomy":"product_cat","embeddable":true,"href":"https:\/\/megacase.com\/fr\/wp-json\/wp\/v2\/product_cat?post=219919"},{"taxonomy":"product_tag","embeddable":true,"href":"https:\/\/megacase.com\/fr\/wp-json\/wp\/v2\/product_tag?post=219919"}],"curies":[{"name":"wp","href":"https:\/\/api.w.org\/{rel}","templated":true}]}}