{"id":219885,"date":"2021-06-29T13:57:11","date_gmt":"2021-06-29T11:57:11","guid":{"rendered":"https:\/\/megacase.com\/product\/case-10x-shure-mxc-speech-wheel\/"},"modified":"2026-03-26T13:09:05","modified_gmt":"2026-03-26T12:09:05","slug":"case-10x-shure-mxc-speech-wheel","status":"publish","type":"product","link":"https:\/\/megacase.com\/fr\/produit\/case-10x-shure-mxc-speech-wheel\/","title":{"rendered":"Case 10x Shure MXC speech + wheel"},"content":{"rendered":"<p>\u00c9tui de vol assorti pour 10 stations MXC Shure<br \/>\nInlay est pour les composants suivants:<br \/>\n10x mxcw640<br \/>\n10x mxc420df-c<br \/>\n10x SB930<br \/>\n1x MXCWNCS<br \/>\n\u00e0 partir de 6,8 mm Multiplex enrob\u00e9<br \/>\nCouleur: <a href=\"https:\/\/megacase.com\/fr\/farben-beschichtungen\/\">librement s\u00e9lectionnable<\/a><br \/>\n30 x 30mm Alukante<br \/>\n2 fermetures \u00e0 papillon<br \/>\n3 poign\u00e9es pliantes moyennes<br \/>\n6 coins de la balle moyenne<br \/>\n3 charni\u00e8res de verrouillage<br \/>\n2 Installateurs d&rsquo;angle 75 mm<br \/>\n4 pieds en caoutchouc 38 x 25 mm<br \/>\nIncrustation en mousse comprenant un d\u00e9p\u00f4t<br \/>\nFabriqu\u00e9 en Allemagne<br \/>\nDimensions ext\u00e9rieures LxPxH environ.: 965 x 508 x 296 mm<br \/>\nPoids env. 19,9 kg<\/p>\n<p>Si vous commandez, veuillez sp\u00e9cifier la couleur d\u00e9sir\u00e9e dans le champ de commentaire<\/p>\n","protected":false},"excerpt":{"rendered":"<p>\u00c9tui de vol assorti pour 10 stations MXC Shure Inlay est pour les composants suivants: 10x mxcw640 10x mxc420df-c 10x<\/p>\n","protected":false},"featured_media":219850,"template":"","meta":{"_acf_changed":false},"product_brand":[],"product_cat":[15753,15903],"product_tag":[],"class_list":{"0":"post-219885","1":"product","2":"type-product","3":"status-publish","4":"has-post-thumbnail","6":"product_cat-microphone-case-utilisation","7":"product_cat-case-for-pa-accessory-utilisation","9":"first","10":"instock","11":"taxable","12":"shipping-taxable","13":"purchasable","14":"product-type-simple"},"acf":[],"_links":{"self":[{"href":"https:\/\/megacase.com\/fr\/wp-json\/wp\/v2\/product\/219885","targetHints":{"allow":["GET"]}}],"collection":[{"href":"https:\/\/megacase.com\/fr\/wp-json\/wp\/v2\/product"}],"about":[{"href":"https:\/\/megacase.com\/fr\/wp-json\/wp\/v2\/types\/product"}],"wp:featuredmedia":[{"embeddable":true,"href":"https:\/\/megacase.com\/fr\/wp-json\/wp\/v2\/media\/219850"}],"wp:attachment":[{"href":"https:\/\/megacase.com\/fr\/wp-json\/wp\/v2\/media?parent=219885"}],"wp:term":[{"taxonomy":"product_brand","embeddable":true,"href":"https:\/\/megacase.com\/fr\/wp-json\/wp\/v2\/product_brand?post=219885"},{"taxonomy":"product_cat","embeddable":true,"href":"https:\/\/megacase.com\/fr\/wp-json\/wp\/v2\/product_cat?post=219885"},{"taxonomy":"product_tag","embeddable":true,"href":"https:\/\/megacase.com\/fr\/wp-json\/wp\/v2\/product_tag?post=219885"}],"curies":[{"name":"wp","href":"https:\/\/api.w.org\/{rel}","templated":true}]}}