{"id":219700,"date":"2021-06-28T14:53:39","date_gmt":"2021-06-28T12:53:39","guid":{"rendered":"https:\/\/megacase.com\/product\/inlay-universal-pockettransmitter-0-12\/"},"modified":"2026-03-26T13:09:06","modified_gmt":"2026-03-26T12:09:06","slug":"inlay-universal-pockettransmitter-0-12","status":"publish","type":"product","link":"https:\/\/megacase.com\/fr\/produit\/inlay-universal-pockettransmitter-0-12\/","title":{"rendered":"Inlay Universal Pockettransmitter 0\/12"},"content":{"rendered":"<h3>Logement pour syst\u00e8me sans fil<\/h3>\n<p>Convient pour tiroir de rack 19&Prime; &#8211; 2U (ouverture enti\u00e8re) et flightcase pr\u00e9vu<br \/>\nContient 12 boitiers \u00e9metteurs<br \/>\nMousse 2 couleurs: noir et rouge<br \/>\nCompartiment accessoires: 118 x 31 x 50 mm (LxPxH)<br \/>\nCompartiments batterie<br \/>\nFabriqu\u00e9 en Allemagne<\/p>\n","protected":false},"excerpt":{"rendered":"<p>Logement pour syst\u00e8me sans fil Convient pour tiroir de rack 19&Prime; &#8211; 2U (ouverture enti\u00e8re) et flightcase pr\u00e9vu Contient 12<\/p>\n","protected":false},"featured_media":219693,"template":"","meta":{"_acf_changed":false},"product_brand":[],"product_cat":[15753],"product_tag":[],"class_list":{"0":"post-219700","1":"product","2":"type-product","3":"status-publish","4":"has-post-thumbnail","6":"product_cat-microphone-case-utilisation","8":"first","9":"instock","10":"taxable","11":"shipping-taxable","12":"purchasable","13":"product-type-simple"},"acf":[],"_links":{"self":[{"href":"https:\/\/megacase.com\/fr\/wp-json\/wp\/v2\/product\/219700","targetHints":{"allow":["GET"]}}],"collection":[{"href":"https:\/\/megacase.com\/fr\/wp-json\/wp\/v2\/product"}],"about":[{"href":"https:\/\/megacase.com\/fr\/wp-json\/wp\/v2\/types\/product"}],"wp:featuredmedia":[{"embeddable":true,"href":"https:\/\/megacase.com\/fr\/wp-json\/wp\/v2\/media\/219693"}],"wp:attachment":[{"href":"https:\/\/megacase.com\/fr\/wp-json\/wp\/v2\/media?parent=219700"}],"wp:term":[{"taxonomy":"product_brand","embeddable":true,"href":"https:\/\/megacase.com\/fr\/wp-json\/wp\/v2\/product_brand?post=219700"},{"taxonomy":"product_cat","embeddable":true,"href":"https:\/\/megacase.com\/fr\/wp-json\/wp\/v2\/product_cat?post=219700"},{"taxonomy":"product_tag","embeddable":true,"href":"https:\/\/megacase.com\/fr\/wp-json\/wp\/v2\/product_tag?post=219700"}],"curies":[{"name":"wp","href":"https:\/\/api.w.org\/{rel}","templated":true}]}}