{"id":219570,"date":"2021-06-28T13:29:27","date_gmt":"2021-06-28T11:29:27","guid":{"rendered":"https:\/\/megacase.com\/product\/inlay-shure-glxd-4-4\/"},"modified":"2026-03-26T13:09:08","modified_gmt":"2026-03-26T12:09:08","slug":"inlay-shure-glxd-4-4","status":"publish","type":"product","link":"https:\/\/megacase.com\/fr\/produit\/inlay-shure-glxd-4-4\/","title":{"rendered":"Inlay Shure GLXD 4\/4"},"content":{"rendered":"<h3>Insert en mousse pr\u00e9d\u00e9coup\u00e9<\/h3>\n<p>Convient pour tiroir 2 U avec extension totale ou coffret Inlay System (Articles n\u00b0 : 388140, 388143, 388145 ou 388146)<br \/>\nD\u00e9coupe pour 4 micros \u00e0 main sans fil ou boitier \u00e9metteur Shure GLXD1 \/ GLXD2<br \/>\nConvient pour capsules SM58\/86 \/ Beta58\/87<br \/>\nMousse bicolore noir\/rouge<br \/>\nCompartiment accessoires<br \/>\nD\u00e9coupe pour piles de rechange<br \/>\nDimensions ext\u00e9rieures (L x P x H) : 400 x 370 x 60 mm<br \/>\nFabriqu\u00e9 en Allemagne<\/p>\n","protected":false},"excerpt":{"rendered":"<p>Insert en mousse pr\u00e9d\u00e9coup\u00e9 Convient pour tiroir 2 U avec extension totale ou coffret Inlay System (Articles n\u00b0 : 388140,<\/p>\n","protected":false},"featured_media":219567,"template":"","meta":{"_acf_changed":false},"product_brand":[],"product_cat":[15753],"product_tag":[],"class_list":{"0":"post-219570","1":"product","2":"type-product","3":"status-publish","4":"has-post-thumbnail","6":"product_cat-microphone-case-utilisation","8":"first","9":"instock","10":"taxable","11":"shipping-taxable","12":"purchasable","13":"product-type-simple"},"acf":[],"_links":{"self":[{"href":"https:\/\/megacase.com\/fr\/wp-json\/wp\/v2\/product\/219570","targetHints":{"allow":["GET"]}}],"collection":[{"href":"https:\/\/megacase.com\/fr\/wp-json\/wp\/v2\/product"}],"about":[{"href":"https:\/\/megacase.com\/fr\/wp-json\/wp\/v2\/types\/product"}],"wp:featuredmedia":[{"embeddable":true,"href":"https:\/\/megacase.com\/fr\/wp-json\/wp\/v2\/media\/219567"}],"wp:attachment":[{"href":"https:\/\/megacase.com\/fr\/wp-json\/wp\/v2\/media?parent=219570"}],"wp:term":[{"taxonomy":"product_brand","embeddable":true,"href":"https:\/\/megacase.com\/fr\/wp-json\/wp\/v2\/product_brand?post=219570"},{"taxonomy":"product_cat","embeddable":true,"href":"https:\/\/megacase.com\/fr\/wp-json\/wp\/v2\/product_cat?post=219570"},{"taxonomy":"product_tag","embeddable":true,"href":"https:\/\/megacase.com\/fr\/wp-json\/wp\/v2\/product_tag?post=219570"}],"curies":[{"name":"wp","href":"https:\/\/api.w.org\/{rel}","templated":true}]}}