{"id":219557,"date":"2021-06-28T13:19:54","date_gmt":"2021-06-28T11:19:54","guid":{"rendered":"https:\/\/megacase.com\/product\/inlay-shure-psm-series-8-8\/"},"modified":"2026-03-26T13:09:08","modified_gmt":"2026-03-26T12:09:08","slug":"inlay-shure-psm-series-8-8","status":"publish","type":"product","link":"https:\/\/megacase.com\/fr\/produit\/inlay-shure-psm-series-8-8\/","title":{"rendered":"Inlay Shure PSM Series 8\/8"},"content":{"rendered":"<h3>Insert en mousse pr\u00e9d\u00e9coup\u00e9<\/h3>\n<p>Convient pour tiroir rack 2 U avec extension compl\u00e8te ou coffret Inlay System<br \/>\nConvient pour 8 boitiers Shure IEM et 8 paires d&rsquo;\u00e9couteurs intra-auriculaires<br \/>\nR\u00e9cepteurs appropri\u00e9s : P3RA, P9RA+, P10R+, P10R+ ou \u00e9metteur des QLX-D et ULX-D Axient digital<br \/>\nMousse bicolore noir\/rouge<br \/>\nCompartiment accessoires<br \/>\nD\u00e9coupe pour piles de rechange<br \/>\nFabriqu\u00e9 en Allemagne<\/p>\n","protected":false},"excerpt":{"rendered":"<p>Insert en mousse pr\u00e9d\u00e9coup\u00e9 Convient pour tiroir rack 2 U avec extension compl\u00e8te ou coffret Inlay System Convient pour 8<\/p>\n","protected":false},"featured_media":219550,"template":"","meta":{"_acf_changed":false},"product_brand":[],"product_cat":[15753],"product_tag":[],"class_list":{"0":"post-219557","1":"product","2":"type-product","3":"status-publish","4":"has-post-thumbnail","6":"product_cat-microphone-case-utilisation","8":"first","9":"instock","10":"taxable","11":"shipping-taxable","12":"purchasable","13":"product-type-simple"},"acf":[],"_links":{"self":[{"href":"https:\/\/megacase.com\/fr\/wp-json\/wp\/v2\/product\/219557","targetHints":{"allow":["GET"]}}],"collection":[{"href":"https:\/\/megacase.com\/fr\/wp-json\/wp\/v2\/product"}],"about":[{"href":"https:\/\/megacase.com\/fr\/wp-json\/wp\/v2\/types\/product"}],"wp:featuredmedia":[{"embeddable":true,"href":"https:\/\/megacase.com\/fr\/wp-json\/wp\/v2\/media\/219550"}],"wp:attachment":[{"href":"https:\/\/megacase.com\/fr\/wp-json\/wp\/v2\/media?parent=219557"}],"wp:term":[{"taxonomy":"product_brand","embeddable":true,"href":"https:\/\/megacase.com\/fr\/wp-json\/wp\/v2\/product_brand?post=219557"},{"taxonomy":"product_cat","embeddable":true,"href":"https:\/\/megacase.com\/fr\/wp-json\/wp\/v2\/product_cat?post=219557"},{"taxonomy":"product_tag","embeddable":true,"href":"https:\/\/megacase.com\/fr\/wp-json\/wp\/v2\/product_tag?post=219557"}],"curies":[{"name":"wp","href":"https:\/\/api.w.org\/{rel}","templated":true}]}}