{"id":219533,"date":"2021-06-28T13:13:16","date_gmt":"2021-06-28T11:13:16","guid":{"rendered":"https:\/\/megacase.com\/product\/inlay-sennheiser-ew-100-g3-4g\/"},"modified":"2026-03-26T13:09:08","modified_gmt":"2026-03-26T12:09:08","slug":"inlay-sennheiser-ew-100-g3-4g","status":"publish","type":"product","link":"https:\/\/megacase.com\/fr\/produit\/inlay-sennheiser-ew-100-g3-4g\/","title":{"rendered":"Inlay Sennheiser EW 100 G3\/4G"},"content":{"rendered":"<p>Incrustation assortie pour un ensemble \u00e9metteur main Sennheiser EW 100 G3 \/ G4 avec r\u00e9cepteur<br \/>\nNouvel insert en mousse tendance en mousse PE r\u00e9ticul\u00e9e chimiquement.<br \/>\nLa couche bicolore donne \u00e0 l&rsquo;incrustation une forte impression 3D.<br \/>\nLe positionnement des microphones, \u00e9metteurs et accessoires est imm\u00e9diatement apparent.<br \/>\nConvient pour les casiers et 2 tiroirs en U.<br \/>\nLa d\u00e9coupe pour la serrure est d\u00e9j\u00e0 frais\u00e9e.<br \/>\nFabriqu\u00e9 en Allemagne.<br \/>\nDimensions ext\u00e9rieures : LxPxH 400x370x60 mm<br \/>\nRemarque : Les appareils et instruments illustr\u00e9s sont uniquement \u00e0 des fins de commodit\u00e9<br \/>\nl&rsquo;illustration et ne font pas partie de l&rsquo;offre.<\/p>\n","protected":false},"excerpt":{"rendered":"<p>Incrustation assortie pour un ensemble \u00e9metteur main Sennheiser EW 100 G3 \/ G4 avec r\u00e9cepteur Nouvel insert en mousse tendance<\/p>\n","protected":false},"featured_media":219526,"template":"","meta":{"_acf_changed":false},"product_brand":[],"product_cat":[15753],"product_tag":[],"class_list":{"0":"post-219533","1":"product","2":"type-product","3":"status-publish","4":"has-post-thumbnail","6":"product_cat-microphone-case-utilisation","8":"first","9":"instock","10":"taxable","11":"shipping-taxable","12":"purchasable","13":"product-type-simple"},"acf":[],"_links":{"self":[{"href":"https:\/\/megacase.com\/fr\/wp-json\/wp\/v2\/product\/219533","targetHints":{"allow":["GET"]}}],"collection":[{"href":"https:\/\/megacase.com\/fr\/wp-json\/wp\/v2\/product"}],"about":[{"href":"https:\/\/megacase.com\/fr\/wp-json\/wp\/v2\/types\/product"}],"wp:featuredmedia":[{"embeddable":true,"href":"https:\/\/megacase.com\/fr\/wp-json\/wp\/v2\/media\/219526"}],"wp:attachment":[{"href":"https:\/\/megacase.com\/fr\/wp-json\/wp\/v2\/media?parent=219533"}],"wp:term":[{"taxonomy":"product_brand","embeddable":true,"href":"https:\/\/megacase.com\/fr\/wp-json\/wp\/v2\/product_brand?post=219533"},{"taxonomy":"product_cat","embeddable":true,"href":"https:\/\/megacase.com\/fr\/wp-json\/wp\/v2\/product_cat?post=219533"},{"taxonomy":"product_tag","embeddable":true,"href":"https:\/\/megacase.com\/fr\/wp-json\/wp\/v2\/product_tag?post=219533"}],"curies":[{"name":"wp","href":"https:\/\/api.w.org\/{rel}","templated":true}]}}