{"id":219496,"date":"2021-06-28T12:08:04","date_gmt":"2021-06-28T10:08:04","guid":{"rendered":"https:\/\/megacase.com\/product\/accessory-case-38-x-30-x-28-pvc\/"},"modified":"2026-03-26T13:09:09","modified_gmt":"2026-03-26T12:09:09","slug":"accessory-case-38-x-30-x-28-pvc","status":"publish","type":"product","link":"https:\/\/megacase.com\/fr\/produit\/accessory-case-38-x-30-x-28-pvc\/","title":{"rendered":"Accessory Case 38 x 30 x 28 PVC"},"content":{"rendered":"<h3>Flight case type malle<\/h3>\n<p>Pour accessoires<br \/>\nEn mati\u00e8re plastique alv\u00e9olaire 6,8 mm<br \/>\n1 poign\u00e9e<br \/>\n2 charni\u00e8res<br \/>\n2 fermetures grenouilles<br \/>\nCorni\u00e8res en aluminium profil\u00e9 22 x 22 mm<br \/>\nCoins \u00e0 boule<br \/>\nDimensions int\u00e9rieures: 384 x 305 x 284 mm<br \/>\nDimensions ext\u00e9rieures: 420 x 335 x 315 mm<br \/>\nPoids: 3,2 kg<br \/>\nCouleur: Noir<br \/>\nFabriqu\u00e9 en Allemagne<\/p>\n","protected":false},"excerpt":{"rendered":"<p>Flight case type malle Pour accessoires En mati\u00e8re plastique alv\u00e9olaire 6,8 mm 1 poign\u00e9e 2 charni\u00e8res 2 fermetures grenouilles Corni\u00e8res<\/p>\n","protected":false},"featured_media":219481,"template":"","meta":{"_acf_changed":false},"product_brand":[],"product_cat":[13691],"product_tag":[],"class_list":{"0":"post-219496","1":"product","2":"type-product","3":"status-publish","4":"has-post-thumbnail","6":"product_cat-koffer-cases-fr","8":"first","9":"instock","10":"taxable","11":"shipping-taxable","12":"purchasable","13":"product-type-simple"},"acf":[],"_links":{"self":[{"href":"https:\/\/megacase.com\/fr\/wp-json\/wp\/v2\/product\/219496","targetHints":{"allow":["GET"]}}],"collection":[{"href":"https:\/\/megacase.com\/fr\/wp-json\/wp\/v2\/product"}],"about":[{"href":"https:\/\/megacase.com\/fr\/wp-json\/wp\/v2\/types\/product"}],"wp:featuredmedia":[{"embeddable":true,"href":"https:\/\/megacase.com\/fr\/wp-json\/wp\/v2\/media\/219481"}],"wp:attachment":[{"href":"https:\/\/megacase.com\/fr\/wp-json\/wp\/v2\/media?parent=219496"}],"wp:term":[{"taxonomy":"product_brand","embeddable":true,"href":"https:\/\/megacase.com\/fr\/wp-json\/wp\/v2\/product_brand?post=219496"},{"taxonomy":"product_cat","embeddable":true,"href":"https:\/\/megacase.com\/fr\/wp-json\/wp\/v2\/product_cat?post=219496"},{"taxonomy":"product_tag","embeddable":true,"href":"https:\/\/megacase.com\/fr\/wp-json\/wp\/v2\/product_tag?post=219496"}],"curies":[{"name":"wp","href":"https:\/\/api.w.org\/{rel}","templated":true}]}}